{"id":794,"date":"2026-03-25T11:33:17","date_gmt":"2026-03-25T03:33:17","guid":{"rendered":"https:\/\/futureskillnest.com\/?page_id=794"},"modified":"2026-03-25T12:03:58","modified_gmt":"2026-03-25T04:03:58","slug":"privacy-policy","status":"publish","type":"page","link":"https:\/\/futureskillnest.com\/fr\/privacy-policy\/","title":{"rendered":"Futureskillnest-privacy-policy"},"content":{"rendered":"<div data-elementor-type=\"wp-page\" data-elementor-id=\"794\" class=\"elementor elementor-794\" data-elementor-settings=\"{&quot;ha_cmc_init_switcher&quot;:&quot;no&quot;}\" data-elementor-post-type=\"page\">\n\t\t\t\t<div data-particle_enable=\"false\" data-particle-mobile-disabled=\"false\" class=\"elementor-element elementor-element-9de313f e-con-full e-flex wpr-particle-no wpr-jarallax-no wpr-parallax-no wpr-sticky-section-no e-con e-child\" data-id=\"9de313f\" data-element_type=\"container\" data-settings=\"{&quot;background_background&quot;:&quot;classic&quot;,&quot;sticky&quot;:&quot;top&quot;,&quot;sticky_offset&quot;:1,&quot;sticky_effects_offset&quot;:100,&quot;_ha_eqh_enable&quot;:false,&quot;sticky_on&quot;:[&quot;desktop&quot;,&quot;tablet&quot;,&quot;mobile&quot;],&quot;sticky_anchor_link_offset&quot;:0}\">\n\t\t<div data-particle_enable=\"false\" data-particle-mobile-disabled=\"false\" class=\"elementor-element elementor-element-c632998 e-con-full e-flex wpr-particle-no wpr-jarallax-no wpr-parallax-no wpr-sticky-section-no e-con e-child\" data-id=\"c632998\" data-element_type=\"container\" data-settings=\"{&quot;_ha_eqh_enable&quot;:false}\">\n\t\t\t\t<div class=\"elementor-element elementor-element-2bdeaa0 elementor-widget__width-initial elementor-widget elementor-widget-theme-site-logo elementor-widget-image\" data-id=\"2bdeaa0\" data-element_type=\"widget\" data-widget_type=\"theme-site-logo.default\">\n\t\t\t\t\t\t\t\t\t\t\t<a href=\"https:\/\/futureskillnest.com\/fr\">\n\t\t\t<img decoding=\"async\" width=\"313\" height=\"139\" src=\"https:\/\/futureskillnest.com\/wp-content\/uploads\/2026\/03\/cropped-cropped-\u5c4f\u5e55\u622a\u56fe_2026-03-18_141617-removebg-preview.png\" class=\"attachment-full size-full wp-image-84\" alt=\"logo\" srcset=\"https:\/\/futureskillnest.com\/wp-content\/uploads\/2026\/03\/cropped-cropped-\u5c4f\u5e55\u622a\u56fe_2026-03-18_141617-removebg-preview.png 313w, https:\/\/futureskillnest.com\/wp-content\/uploads\/2026\/03\/cropped-cropped-\u5c4f\u5e55\u622a\u56fe_2026-03-18_141617-removebg-preview-300x133.png 300w, https:\/\/futureskillnest.com\/wp-content\/uploads\/2026\/03\/cropped-cropped-\u5c4f\u5e55\u622a\u56fe_2026-03-18_141617-removebg-preview-18x8.png 18w\" sizes=\"(max-width: 313px) 100vw, 313px\" \/>\t\t\t\t<\/a>\n\t\t\t\t\t\t\t\t\t\t\t<\/div>\n\t\t\t\t<\/div>\n\t\t<div data-particle_enable=\"false\" data-particle-mobile-disabled=\"false\" class=\"elementor-element elementor-element-d8940ae e-con-full e-flex wpr-particle-no wpr-jarallax-no wpr-parallax-no wpr-sticky-section-no e-con e-child\" data-id=\"d8940ae\" data-element_type=\"container\" data-settings=\"{&quot;_ha_eqh_enable&quot;:false}\">\n\t\t<div data-particle_enable=\"false\" data-particle-mobile-disabled=\"false\" class=\"elementor-element elementor-element-2de65b0 e-con-full e-flex wpr-particle-no wpr-jarallax-no wpr-parallax-no wpr-sticky-section-no e-con e-child\" data-id=\"2de65b0\" data-element_type=\"container\" data-settings=\"{&quot;_ha_eqh_enable&quot;:false}\">\n\t\t\t\t<div class=\"elementor-element elementor-element-b01e704 elementor-align-center e-transform elementor-widget elementor-widget-button\" data-id=\"b01e704\" data-element_type=\"widget\" data-settings=\"{&quot;_transform_scale_effect_hover&quot;:{&quot;unit&quot;:&quot;px&quot;,&quot;size&quot;:1.05,&quot;sizes&quot;:[]},&quot;_transform_scale_effect_hover_tablet&quot;:{&quot;unit&quot;:&quot;px&quot;,&quot;size&quot;:&quot;&quot;,&quot;sizes&quot;:[]},&quot;_transform_scale_effect_hover_mobile&quot;:{&quot;unit&quot;:&quot;px&quot;,&quot;size&quot;:&quot;&quot;,&quot;sizes&quot;:[]}}\" data-widget_type=\"button.default\">\n\t\t\t\t\t\t\t\t\t\t<a class=\"elementor-button elementor-button-link elementor-size-sm\" href=\"https:\/\/futureskillnest.com\/fr\/buy\/\">\n\t\t\t\t\t\t<span class=\"elementor-button-content-wrapper\">\n\t\t\t\t\t\t\t\t\t<span class=\"elementor-button-text\">Obtenir le VPN<\/span>\n\t\t\t\t\t<\/span>\n\t\t\t\t\t<\/a>\n\t\t\t\t\t\t\t\t<\/div>\n\t\t\t\t<\/div>\n\t\t\t\t<\/div>\n\t\t\t\t<\/div>\n\t\t<div data-particle_enable=\"false\" data-particle-mobile-disabled=\"false\" class=\"elementor-element elementor-element-aa5adf0 e-flex e-con-boxed wpr-particle-no wpr-jarallax-no wpr-parallax-no wpr-sticky-section-no e-con e-parent\" data-id=\"aa5adf0\" data-element_type=\"container\" data-settings=\"{&quot;_ha_eqh_enable&quot;:false}\">\n\t\t\t\t\t<div class=\"e-con-inner\">\n\t\t\t\t<div class=\"elementor-element elementor-element-4e2c6f1 elementor-widget elementor-widget-text-editor\" data-id=\"4e2c6f1\" data-element_type=\"widget\" data-widget_type=\"text-editor.default\">\n\t\t\t\t\t\t\t\t\t<h1 data-path-to-node=\"2\">Politique de confidentialit\u00e9 de FutureSkillNest<\/h1><p data-path-to-node=\"3\">Chez FutureSkillNest, votre vie priv\u00e9e est notre mission principale. Cette politique de confidentialit\u00e9 explique comment nous traitons et prot\u00e9geons vos informations personnelles lorsque vous utilisez nos services VPN. En utilisant notre site Web et nos applications, vous consentez aux pratiques en mati\u00e8re de donn\u00e9es d\u00e9crites dans ce document. Nous croyons en une transparence totale concernant vos donn\u00e9es et nous nous engageons \u00e0 vous fournir le plus haut niveau de s\u00e9curit\u00e9 et d'anonymat lors de votre navigation sur Internet.<\/p><h2 data-path-to-node=\"4\">Politique stricte d'absence de journaux et traitement des donn\u00e9es<\/h2><p data-path-to-node=\"5\">Nous fonctionnons selon une politique stricte d'absence de journaux, qui est la pierre angulaire de notre engagement envers votre vie priv\u00e9e. Cela signifie que we ne collectons, ne stockons ni n'enregistrons votre historique de navigation, la destination du trafic, le contenu des donn\u00e9es ou les requ\u00eates DNS. De plus, nous ne stockons jamais votre adresse IP, votre adresse IP VPN sortante, les horodatages de connexion ou la dur\u00e9e de la session. Comme nous ne collectons pas ces informations, nous ne pouvons pas \u00eatre contraints de les fournir \u00e0 un tiers, un gouvernement ou une autorit\u00e9 l\u00e9gale, garantissant ainsi que vos activit\u00e9s en ligne restent enti\u00e8rement priv\u00e9es et anonymes.<\/p><h2 data-path-to-node=\"6\">Collecte et utilisation des informations personnelles<\/h2><p data-path-to-node=\"7\">Pour fournir nos services, nous ne collectons que le minimum d'informations n\u00e9cessaires. Cela comprend g\u00e9n\u00e9ralement l'adresse e-mail que vous fournissez lors de la cr\u00e9ation de votre compte et vos informations de paiement requises pour le traitement des abonnements. Ces informations sont utilis\u00e9es uniquement pour la gestion du compte, la communication des mises \u00e0 jour du service et le traitement des transactions. Nous ne vendons, ne louons ni n'\u00e9changeons vos informations personnelles \u00e0 des tiers \u00e0 des fins de marketing, et nous appliquons des contr\u00f4les internes stricts pour garantir que les donn\u00e9es de votre compte ne soient consult\u00e9es que lorsque cela est n\u00e9cessaire pour l'assistance technique.<\/p><h2 data-path-to-node=\"8\">Normes de chiffrement et infrastructure de s\u00e9curit\u00e9<\/h2><p data-path-to-node=\"9\">Nous prot\u00e9geons vos donn\u00e9es \u00e0 l'aide de protocoles de chiffrement de qualit\u00e9 militaire afin de garantir que vos informations restent s\u00e9curis\u00e9es, m\u00eame sur des r\u00e9seaux non s\u00e9curis\u00e9s. Toutes les donn\u00e9es transmises via nos serveurs sont crypt\u00e9es \u00e0 l'aide d'AES-256-GCM, la norme de l'industrie pour la s\u00e9curisation des informations sensibles. Notre infrastructure de serveurs mondiaux dans plus de 60 pays est con\u00e7ue avec des fonctions de s\u00e9curit\u00e9 avanc\u00e9es pour emp\u00eacher les fuites de donn\u00e9es et les acc\u00e8s non autoris\u00e9s. Nous surveillons et mettons \u00e0 jour continuellement nos syst\u00e8mes pour nous d\u00e9fendre contre les cybermenaces \u00e9mergentes et maintenir l'int\u00e9grit\u00e9 de notre r\u00e9seau.<\/p><h2 data-path-to-node=\"10\">Cookies et analyses tierces<\/h2><p data-path-to-node=\"11\">Notre site web peut utiliser des cookies pour am\u00e9liorer votre exp\u00e9rience utilisateur et analyser l'utilisation de notre site. Ces cookies sont utilis\u00e9s \u00e0 des fins fonctionnelles, telles que la m\u00e9morisation de vos pr\u00e9f\u00e9rences linguistiques et la gestion de votre session de connexion s\u00e9curis\u00e9e. Nous pouvons utiliser des analyses anonymes et agr\u00e9g\u00e9es pour surveiller les performances du site web et identifier les probl\u00e8mes techniques. Ces analyses ne contiennent aucune information personnellement identifiable et ne sont pas li\u00e9es \u00e0 votre activit\u00e9 VPN. Vous pouvez g\u00e9rer vos pr\u00e9f\u00e9rences en mati\u00e8re de cookies \u00e0 tout momento via les param\u00e8tres de votre navigateur ou notre outil d\u00e9di\u00e9 aux param\u00e8tres des cookies.<\/p><h2 data-path-to-node=\"12\">Transferts internationaux de donn\u00e9es et conformit\u00e9 l\u00e9gale<\/h2><p data-path-to-node=\"13\">En tant que fournisseur mondial de VPN, nous exploitons des serveurs et traitons des donn\u00e9es dans plusieurs juridictions. Nous veillons \u00e0 ce que tous les transferts de donn\u00e9es soient conformes aux normes et r\u00e9glementations internationales en mati\u00e8re de confidentialit\u00e9. En cas de demande l\u00e9gale d'informations, notre r\u00e9ponse est limit\u00e9e par notre architecture technique : comme nous n'enregistrons pas votre activit\u00e9 et ne stockons pas vos donn\u00e9es de connexion, nous n'avons aucune information identifiable \u00e0 fournir concernant votre utilisation du VPN. Nous informerons toujours nos utilisateurs de tout changement important apport\u00e9 \u00e0 cette politique via notre site web ou par communication directe.<\/p>\t\t\t\t\t\t\t\t<\/div>\n\t\t\t\t\t<\/div>\n\t\t\t\t<\/div>\n\t\t<div data-particle_enable=\"false\" data-particle-mobile-disabled=\"false\" class=\"elementor-element elementor-element-9fa8c7b e-flex e-con-boxed wpr-particle-no wpr-jarallax-no wpr-parallax-no wpr-sticky-section-no e-con e-parent\" data-id=\"9fa8c7b\" data-element_type=\"container\" data-settings=\"{&quot;background_background&quot;:&quot;classic&quot;,&quot;_ha_eqh_enable&quot;:false}\">\n\t\t\t\t\t<div class=\"e-con-inner\">\n\t\t\t\t<div class=\"elementor-element elementor-element-50dde26 elementor-widget elementor-widget-html\" data-id=\"50dde26\" data-element_type=\"widget\" data-widget_type=\"html.default\">\n\t\t\t\t\t<footer class=\"nord-footer-wrapper\">\r\n    <div class=\"nord-footer-content\">\r\n        <div class=\"footer-left\">\r\n            <span class=\"copyright\">\u00a9 2026 Futureskillnest. All rights reserved<\/span>\r\n            <div class=\"footer-links\">\r\n                <a href=\"https:\/\/futureskillnest.com\/fr\/privacy-policy\/\">Politique de confidentialit\u00e9<\/a>\r\n                <a href=\"https:\/\/futureskillnest.com\/fr\/terms-of-service\/\">Conditions d'utilisation<\/a>\r\n                <a href=\"https:\/\/futureskillnest.com\/fr\/cookie-preferences\/\">Pr\u00e9f\u00e9rences en mati\u00e8re de cookies<\/a>\r\n            <\/div>\r\n        <\/div>\r\n\r\n        <div class=\"footer-right\">\r\n            <div class=\"payment-icons\">\r\n                <img decoding=\"async\" src=\"https:\/\/img.icons8.com\/color\/48\/mastercard.png\" alt=\"Mastercard\">\r\n                <img decoding=\"async\" src=\"https:\/\/img.icons8.com\/color\/48\/visa.png\" alt=\"Visa\">\r\n                <img decoding=\"async\" src=\"https:\/\/img.icons8.com\/color\/48\/amex.png\" alt=\"Amex\">\r\n                <img decoding=\"async\" src=\"https:\/\/img.icons8.com\/color\/48\/discover.png\" alt=\"Discover\">\r\n                <img decoding=\"async\" src=\"https:\/\/img.icons8.com\/color\/48\/google-pay.png\" alt=\"Google Pay\">\r\n                <img decoding=\"async\" src=\"https:\/\/img.icons8.com\/color\/48\/apple-pay.png\" alt=\"Apple Pay\">\r\n            <\/div>\r\n        <\/div>\r\n    <\/div>\r\n<\/footer>\r\n\r\n<style>\r\n    .nord-footer-wrapper {\r\n        background-color: #0b0e11;\r\n        padding: 30px 0; \/* \u589e\u52a0\u4e0a\u4e0b\u7559\u767d\u66f4\u663e\u9ad8\u7ea7 *\/\r\n        width: 100%;\r\n        color: #ffffff;\r\n        font-family: -apple-system, BlinkMacSystemFont, \"Segoe UI\", Roboto, sans-serif;\r\n        box-sizing: border-box;\r\n    }\r\n\r\n    .nord-footer-content {\r\n        max-width: 1200px;\r\n        margin: 0 auto;\r\n        padding: 0 20px;\r\n        display: flex;\r\n        justify-content: space-between;\r\n        align-items: center;\r\n        flex-wrap: wrap;\r\n        gap: 25px;\r\n    }\r\n\r\n    .footer-left {\r\n        display: flex;\r\n        align-items: center;\r\n        gap: 30px;\r\n    }\r\n\r\n    .copyright {\r\n        font-size: 13px;\r\n        opacity: 0.7; \/* \u7a0d\u5fae\u964d\u6697\u7248\u6743\u4fe1\u606f\uff0c\u7a81\u51fa\u94fe\u63a5 *\/\r\n    }\r\n\r\n    .footer-links {\r\n        display: flex;\r\n        gap: 20px;\r\n    }\r\n\r\n    .footer-links a {\r\n        color: #ffffff;\r\n        text-decoration: none;\r\n        font-size: 13px;\r\n        opacity: 0.8;\r\n        transition: opacity 0.2s;\r\n    }\r\n\r\n    .footer-links a:hover {\r\n        opacity: 1;\r\n        text-decoration: underline;\r\n    }\r\n\r\n    .payment-icons {\r\n        display: flex;\r\n        gap: 12px;\r\n        align-items: center;\r\n        flex-wrap: wrap; \/* \u5173\u952e\uff1a\u9632\u6b62\u5c0f\u5c4f\u6ea2\u51fa *\/\r\n    }\r\n\r\n    .payment-icons img {\r\n        height: 22px; \/* \u7a0d\u5fae\u7f29\u5c0f\u4e00\u70b9\u66f4\u7cbe\u81f4 *\/\r\n        width: auto;\r\n        filter: grayscale(100%);\r\n        opacity: 0.5;\r\n        transition: all 0.3s ease;\r\n    }\r\n\r\n    .payment-icons img:hover {\r\n        filter: grayscale(0%);\r\n        opacity: 1;\r\n    }\r\n\r\n    \/* --- \u79fb\u52a8\u7aef\u6df1\u5ea6\u9002\u914d --- *\/\r\n    @media (max-width: 768px) {\r\n        .nord-footer-wrapper {\r\n            padding: 40px 0; \/* \u624b\u673a\u7aef\u589e\u52a0\u7eb5\u5411\u547c\u5438\u611f *\/\r\n        }\r\n\r\n        .nord-footer-content {\r\n            flex-direction: column;\r\n            text-align: center;\r\n            gap: 30px;\r\n        }\r\n\r\n        .footer-left {\r\n            flex-direction: column;\r\n            gap: 20px;\r\n        }\r\n\r\n        .footer-links {\r\n            flex-direction: column; \/* \u624b\u673a\u7aef\u94fe\u63a5\u7ad6\u6392\u66f4\u597d\u70b9 *\/\r\n            gap: 15px;\r\n        }\r\n\r\n        .footer-links a {\r\n            font-size: 14px; \/* \u624b\u673a\u7aef\u5b57\u53f7\u5fae\u8c03\uff0c\u65b9\u4fbf\u624b\u6307\u70b9\u51fb *\/\r\n            padding: 5px 0;\r\n        }\r\n\r\n        .copyright {\r\n            order: 2; \/* \u7248\u6743\u4fe1\u606f\u5728\u624b\u673a\u7aef\u653e\u5230\u94fe\u63a5\u4e0b\u9762 *\/\r\n            font-size: 12px;\r\n        }\r\n\r\n        .footer-links {\r\n            order: 1;\r\n        }\r\n\r\n        .payment-icons {\r\n            justify-content: center;\r\n            gap: 15px;\r\n            max-width: 280px; \/* \u9650\u5236\u56fe\u6807\u533a\u57df\u5bbd\u5ea6\uff0c\u4f7f\u5176\u6574\u9f50\u6362\u884c *\/\r\n            margin: 0 auto;\r\n        }\r\n\r\n        .payment-icons img {\r\n            height: 24px; \/* \u624b\u673a\u7aef\u56fe\u6807\u7a0d\u5fae\u653e\u5927\uff0c\u65b9\u4fbf\u770b\u6e05 *\/\r\n            opacity: 0.8; \/* \u624b\u673a\u7aef\u9ed8\u8ba4\u4eae\u5ea6\u7a0d\u5fae\u63d0\u9ad8 *\/\r\n            filter: grayscale(0%); \/* \u624b\u673a\u7aef\u76f4\u63a5\u663e\u793a\u5f69\u8272\uff0c\u589e\u5f3a\u54c1\u724c\u611f *\/\r\n        }\r\n    }\r\n<\/style>\t\t\t\t<\/div>\n\t\t\t\t\t<\/div>\n\t\t\t\t<\/div>\n\t\t\t\t<\/div>","protected":false},"excerpt":{"rendered":"<p>Get VPN FutureSkillNest Privacy Policy At FutureSkillNest, your privacy is our primary mission. This Privacy Policy explains how we process and protect your personal information when you use our VPN services. By using our website and applications, you consent to the data practices described in this document. We believe in total transparency regarding your data, and we are committed to providing you with the highest level of security and anonymity while you browse the internet. Strict No Logs Policy and Data Handling We operate under a strict no-logs policy, which is the cornerstone of our commitment to your privacy. This means we do not collect, store, or log your browsing history, traffic destination, data content, or DNS queries. Furthermore, we never store your IP address, your outgoing VPN IP address, connection timestamps, or session duration. Because we do not collect this information, we cannot be compelled to provide it to any third party, government, or legal authority, ensuring your online activities remain entirely private and anonymous. Personal Information Collection and Usage To provide our services, we only collect the minimum amount of information necessary. This typically includes the email address you provide during account creation and your payment information required for processing subscriptions. This information is used solely for account management, communicating service updates, and processing transactions. We do not sell, rent, or trade your personal information to third parties for marketing purposes, and we implement strict internal controls to ensure that your account data is accessed only when necessary for technical support. Encryption Standards and Security Infrastructure We protect your data using military-grade encryption protocols to ensure that your information remains secure even on unsecured networks. All data transmitted through our servers is encrypted using AES-256-GCM, the industry standard for securing sensitive information. Our global server infrastructure in over 60 countries is designed with advanced security features to prevent data leaks and unauthorized access. We continuously monitor and update our systems to defend against emerging cyber threats and to maintain the integrity of our network. Cookies and Third Party Analytics Our website may use cookies to improve your user experience and to analyze how our site is used. These cookies are used for functional purposes, such as remembering your language preferences and managing your secure login session. We may use anonymized, aggregated analytics to monitor website performance and identify technical issues. These analytics do not contain any personally identifiable information and are not linked to your VPN activity. You can manage your cookie preferences at any time through your browser settings or our dedicated cookie settings tool. International Data Transfers and Legal Compliance As a global VPN provider, we operate servers and process data across multiple jurisdictions. We ensure that all data transfers comply with international privacy standards and regulations. In the event of a legal request for information, our response is limited by our technical architecture: since we do not log your activity or store your connection data, we have no identifiable information to provide regarding your usage of the VPN. We will always notify our users of any significant changes to this policy through our website or direct communication. \u00a9 2026 Futureskillnest. All rights reserved Privacy Policy Terms of Service Cookie Preferences<\/p>","protected":false},"author":1,"featured_media":0,"parent":0,"menu_order":0,"comment_status":"closed","ping_status":"closed","template":"elementor_canvas","meta":{"_seopress_robots_primary_cat":"","_seopress_titles_title":"","_seopress_titles_desc":"","_seopress_robots_index":"","footnotes":""},"class_list":["post-794","page","type-page","status-publish","hentry"],"acf":[],"_links":{"self":[{"href":"https:\/\/futureskillnest.com\/fr\/wp-json\/wp\/v2\/pages\/794","targetHints":{"allow":["GET"]}}],"collection":[{"href":"https:\/\/futureskillnest.com\/fr\/wp-json\/wp\/v2\/pages"}],"about":[{"href":"https:\/\/futureskillnest.com\/fr\/wp-json\/wp\/v2\/types\/page"}],"author":[{"embeddable":true,"href":"https:\/\/futureskillnest.com\/fr\/wp-json\/wp\/v2\/users\/1"}],"replies":[{"embeddable":true,"href":"https:\/\/futureskillnest.com\/fr\/wp-json\/wp\/v2\/comments?post=794"}],"version-history":[{"count":19,"href":"https:\/\/futureskillnest.com\/fr\/wp-json\/wp\/v2\/pages\/794\/revisions"}],"predecessor-version":[{"id":832,"href":"https:\/\/futureskillnest.com\/fr\/wp-json\/wp\/v2\/pages\/794\/revisions\/832"}],"wp:attachment":[{"href":"https:\/\/futureskillnest.com\/fr\/wp-json\/wp\/v2\/media?parent=794"}],"curies":[{"name":"wp","href":"https:\/\/api.w.org\/{rel}","templated":true}]}}