{"id":794,"date":"2026-03-25T11:33:17","date_gmt":"2026-03-25T03:33:17","guid":{"rendered":"https:\/\/futureskillnest.com\/?page_id=794"},"modified":"2026-03-25T12:03:58","modified_gmt":"2026-03-25T04:03:58","slug":"privacy-policy","status":"publish","type":"page","link":"https:\/\/futureskillnest.com\/pl\/privacy-policy\/","title":{"rendered":"Futureskillnest-privacy-policy"},"content":{"rendered":"<div data-elementor-type=\"wp-page\" data-elementor-id=\"794\" class=\"elementor elementor-794\" data-elementor-settings=\"{&quot;ha_cmc_init_switcher&quot;:&quot;no&quot;}\" data-elementor-post-type=\"page\">\n\t\t\t\t<div data-particle_enable=\"false\" data-particle-mobile-disabled=\"false\" class=\"elementor-element elementor-element-9de313f e-con-full e-flex wpr-particle-no wpr-jarallax-no wpr-parallax-no wpr-sticky-section-no e-con e-child\" data-id=\"9de313f\" data-element_type=\"container\" data-settings=\"{&quot;background_background&quot;:&quot;classic&quot;,&quot;sticky&quot;:&quot;top&quot;,&quot;sticky_offset&quot;:1,&quot;sticky_effects_offset&quot;:100,&quot;_ha_eqh_enable&quot;:false,&quot;sticky_on&quot;:[&quot;desktop&quot;,&quot;tablet&quot;,&quot;mobile&quot;],&quot;sticky_anchor_link_offset&quot;:0}\">\n\t\t<div data-particle_enable=\"false\" data-particle-mobile-disabled=\"false\" class=\"elementor-element elementor-element-c632998 e-con-full e-flex wpr-particle-no wpr-jarallax-no wpr-parallax-no wpr-sticky-section-no e-con e-child\" data-id=\"c632998\" data-element_type=\"container\" data-settings=\"{&quot;_ha_eqh_enable&quot;:false}\">\n\t\t\t\t<div class=\"elementor-element elementor-element-2bdeaa0 elementor-widget__width-initial elementor-widget elementor-widget-theme-site-logo elementor-widget-image\" data-id=\"2bdeaa0\" data-element_type=\"widget\" data-widget_type=\"theme-site-logo.default\">\n\t\t\t\t\t\t\t\t\t\t\t<a href=\"https:\/\/futureskillnest.com\/pl\">\n\t\t\t<img decoding=\"async\" width=\"313\" height=\"139\" src=\"https:\/\/futureskillnest.com\/wp-content\/uploads\/2026\/03\/cropped-cropped-\u5c4f\u5e55\u622a\u56fe_2026-03-18_141617-removebg-preview.png\" class=\"attachment-full size-full wp-image-84\" alt=\"logo\" srcset=\"https:\/\/futureskillnest.com\/wp-content\/uploads\/2026\/03\/cropped-cropped-\u5c4f\u5e55\u622a\u56fe_2026-03-18_141617-removebg-preview.png 313w, https:\/\/futureskillnest.com\/wp-content\/uploads\/2026\/03\/cropped-cropped-\u5c4f\u5e55\u622a\u56fe_2026-03-18_141617-removebg-preview-300x133.png 300w, https:\/\/futureskillnest.com\/wp-content\/uploads\/2026\/03\/cropped-cropped-\u5c4f\u5e55\u622a\u56fe_2026-03-18_141617-removebg-preview-18x8.png 18w\" sizes=\"(max-width: 313px) 100vw, 313px\" \/>\t\t\t\t<\/a>\n\t\t\t\t\t\t\t\t\t\t\t<\/div>\n\t\t\t\t<\/div>\n\t\t<div data-particle_enable=\"false\" data-particle-mobile-disabled=\"false\" class=\"elementor-element elementor-element-d8940ae e-con-full e-flex wpr-particle-no wpr-jarallax-no wpr-parallax-no wpr-sticky-section-no e-con e-child\" data-id=\"d8940ae\" data-element_type=\"container\" data-settings=\"{&quot;_ha_eqh_enable&quot;:false}\">\n\t\t<div data-particle_enable=\"false\" data-particle-mobile-disabled=\"false\" class=\"elementor-element elementor-element-2de65b0 e-con-full e-flex wpr-particle-no wpr-jarallax-no wpr-parallax-no wpr-sticky-section-no e-con e-child\" data-id=\"2de65b0\" data-element_type=\"container\" data-settings=\"{&quot;_ha_eqh_enable&quot;:false}\">\n\t\t\t\t<div class=\"elementor-element elementor-element-b01e704 elementor-align-center e-transform elementor-widget elementor-widget-button\" data-id=\"b01e704\" data-element_type=\"widget\" data-settings=\"{&quot;_transform_scale_effect_hover&quot;:{&quot;unit&quot;:&quot;px&quot;,&quot;size&quot;:1.05,&quot;sizes&quot;:[]},&quot;_transform_scale_effect_hover_tablet&quot;:{&quot;unit&quot;:&quot;px&quot;,&quot;size&quot;:&quot;&quot;,&quot;sizes&quot;:[]},&quot;_transform_scale_effect_hover_mobile&quot;:{&quot;unit&quot;:&quot;px&quot;,&quot;size&quot;:&quot;&quot;,&quot;sizes&quot;:[]}}\" data-widget_type=\"button.default\">\n\t\t\t\t\t\t\t\t\t\t<a class=\"elementor-button elementor-button-link elementor-size-sm\" href=\"https:\/\/futureskillnest.com\/pl\/buy\/\">\n\t\t\t\t\t\t<span class=\"elementor-button-content-wrapper\">\n\t\t\t\t\t\t\t\t\t<span class=\"elementor-button-text\">Pobierz VPN<\/span>\n\t\t\t\t\t<\/span>\n\t\t\t\t\t<\/a>\n\t\t\t\t\t\t\t\t<\/div>\n\t\t\t\t<\/div>\n\t\t\t\t<\/div>\n\t\t\t\t<\/div>\n\t\t<div data-particle_enable=\"false\" data-particle-mobile-disabled=\"false\" class=\"elementor-element elementor-element-aa5adf0 e-flex e-con-boxed wpr-particle-no wpr-jarallax-no wpr-parallax-no wpr-sticky-section-no e-con e-parent\" data-id=\"aa5adf0\" data-element_type=\"container\" data-settings=\"{&quot;_ha_eqh_enable&quot;:false}\">\n\t\t\t\t\t<div class=\"e-con-inner\">\n\t\t\t\t<div class=\"elementor-element elementor-element-4e2c6f1 elementor-widget elementor-widget-text-editor\" data-id=\"4e2c6f1\" data-element_type=\"widget\" data-widget_type=\"text-editor.default\">\n\t\t\t\t\t\t\t\t\t<h1 data-path-to-node=\"2\">Polityka prywatno\u015bci FutureSkillNest<\/h1><p data-path-to-node=\"3\">W FutureSkillNest Twoja prywatno\u015b\u0107 jest nasz\u0105 najwa\u017cniejsz\u0105 misj\u0105. Niniejsza Polityka prywatno\u015bci wyja\u015bnia, w jaki spos\u00f3b przetwarzamy i chronimy Twoje dane osobowe, gdy korzystasz z naszych us\u0142ug VPN. Korzystaj\u0105c z naszej strony internetowej i aplikacji, wyra\u017casz zgod\u0119 na praktyki dotycz\u0105ce danych opisane w tym dokumencie. Wierzymy w ca\u0142kowit\u0105 przejrzysto\u015b\u0107 w odniesieniu do Twoich danych i d\u0105\u017cymy do zapewnienia Ci najwy\u017cszego poziomu bezpiecze\u0144stwa i anonimowo\u015bci podczas przegl\u0105dania Internetu.<\/p><h2 data-path-to-node=\"4\">Surowa polityka braku log\u00f3w i obs\u0142uga danych<\/h2><p data-path-to-node=\"5\">Dzia\u0142amy w oparciu o surow\u0105 polityk\u0119 braku log\u00f3w, kt\u00f3ra jest kamieniem w\u0119gielnym naszego zaanga\u017cowania w Twoj\u0105 prywatno\u015b\u0107. Oznacza to, \u017ce nie gromadzimy, nie przechowujemy ani nie rejestrujemy Twojej historii przegl\u0105dania, miejsca docelowego ruchu, tre\u015bci danych ani zapyta\u0144 DNS. Ponadto nigdy nie przechowujemy Twojego adresu IP, wychodz\u0105cego adresu IP VPN, znacznik\u00f3w czasu po\u0142\u0105czenia ani czasu trwania sesji. Poniewa\u017c nie gromadzimy tych informacji, nie mo\u017cemy zosta\u0107 zmuszeni do ich przekazania \u017cadnej stronie trzeciej, rz\u0105dowi ani organom prawnym, co gwarantuje, \u017ce Twoja aktywno\u015b\u0107 online pozostaje ca\u0142kowicie prywatna i anonimowa.<\/p><h2 data-path-to-node=\"6\">Gromadzenie i wykorzystywanie danych osobowych<\/h2><p data-path-to-node=\"7\">W celu \u015bwiadczenia naszych us\u0142ug gromadzimy jedynie minimaln\u0105 ilo\u015b\u0107 niezb\u0119dnych informacji. Zazwyczaj obejmuje to adres e-mail podany podczas tworzenia konta oraz informacje o p\u0142atno\u015bciach wymagane do przetwarzania subskrypcji. Informacje te s\u0105 wykorzystywane wy\u0142\u0105cznie do zarz\u0105dzania kontem, informowania o aktualizacjach us\u0142ug i przetwarzania transakcji. Nie sprzedajemy, nie wynajmujemy ani nie wymieniamy Twoich danych osobowych stronom trzecim w celach marketingowych oraz stosujemy surowe kontrole wewn\u0119trzne, aby zapewni\u0107 dost\u0119p do danych konta tylko wtedy, gdy jest to konieczne do wsparcia technicznego.<\/p><h2 data-path-to-node=\"8\">Standardy szyfrowania i infrastruktura bezpiecze\u0144stwa<\/h2><p data-path-to-node=\"9\">Chronimy Twoje dane przy u\u017cyciu protoko\u0142\u00f3w szyfrowania klasy wojskowej, aby zapewni\u0107 bezpiecze\u0144stwo Twoich informacji nawet w niezabezpieczonych sieciach. Wszystkie dane przesy\u0142ane przez nasze serwery s\u0105 szyfrowane za pomoc\u0105 AES-256-GCM, standardu bran\u017cowego w zakresie zabezpieczania wra\u017cliwych informacji. Nasza globalna infrastruktura serwerowa w ponad 60 krajach zosta\u0142a zaprojektowana z zaawansowanymi funkcjami bezpiecze\u0144stwa, aby zapobiega\u0107 wyciekom danych i nieautoryzowanemu dost\u0119powi. Stale monitorujemy i aktualizujemy nasze systemy, aby broni\u0107 si\u0119 przed pojawiaj\u0105cymi si\u0119 zagro\u017ceniami cybernetycznymi i zachowa\u0107 integralno\u015b\u0107 naszej sieci.<\/p><h2 data-path-to-node=\"10\">Pliki cookie i analityka stron trzecich<\/h2><p data-path-to-node=\"11\">Nasza strona internetowa mo\u017ce u\u017cywa\u0107 plik\u00f3w cookie w celu poprawy komfortu u\u017cytkowania oraz analizy sposobu korzystania z naszej witryny. Pliki te s\u0105 wykorzystywane do cel\u00f3w funkcjonalnych, takich jak zapami\u0119tywanie preferencji j\u0119zykowych i zarz\u0105dzanie bezpieczn\u0105 sesj\u0105 logowania. Mo\u017cemy korzysta\u0107 z anonimowych, zagregowanych danych analitycznych w celu monitorowania wydajno\u015bci witryny i identyfikowania problem\u00f3w technicznych. Analizy te nie zawieraj\u0105 \u017cadnych informacji umo\u017cliwiaj\u0105cych identyfikacj\u0119 osoby i nie s\u0105 powi\u0105zane z aktywno\u015bci\u0105 u\u017cytkownika w sieci VPN. Mo\u017cesz zarz\u0105dza\u0107 swoimi preferencjami dotycz\u0105cymi plik\u00f3w cookie w dowolnym momencie za po\u015brednictwem ustawie\u0144 przegl\u0105darki lub naszego dedykowanego narz\u0119dzia do ustawie\u0144 plik\u00f3w cookie.<\/p><h2 data-path-to-node=\"12\">Mi\u0119dzynarodowy transfer danych i zgodno\u015b\u0107 z przepisami<\/h2><p data-path-to-node=\"13\">Jako globalny dostawca us\u0142ug VPN, obs\u0142ugujemy serwery i przetwarzamy dane w wielu jurysdykcjach. Zapewniamy, \u017ce wszystkie transfery danych s\u0105 zgodne z mi\u0119dzynarodowymi standardami i przepisami dotycz\u0105cymi prywatno\u015bci. W przypadku prawnego \u017c\u0105dania udzielenia informacji, nasza odpowied\u017a jest ograniczona przez nasz\u0105 architektur\u0119 techniczn\u0105: poniewa\u017c nie rejestrujemy aktywno\u015bci u\u017cytkownika ani nie przechowujemy danych dotycz\u0105cych jego po\u0142\u0105cze\u0144, nie posiadamy \u017cadnych mo\u017cliwych do zidentyfikowania informacji dotycz\u0105cych korzystania z VPN. Zawsze b\u0119dziemy informowa\u0107 naszych u\u017cytkownik\u00f3w o wszelkich istotnych zmianach w niniejszej polityce za po\u015brednictwem naszej strony internetowej lub bezpo\u015bredniej komunikacji.<\/p>\t\t\t\t\t\t\t\t<\/div>\n\t\t\t\t\t<\/div>\n\t\t\t\t<\/div>\n\t\t<div data-particle_enable=\"false\" data-particle-mobile-disabled=\"false\" class=\"elementor-element elementor-element-9fa8c7b e-flex e-con-boxed wpr-particle-no wpr-jarallax-no wpr-parallax-no wpr-sticky-section-no e-con e-parent\" data-id=\"9fa8c7b\" data-element_type=\"container\" data-settings=\"{&quot;background_background&quot;:&quot;classic&quot;,&quot;_ha_eqh_enable&quot;:false}\">\n\t\t\t\t\t<div class=\"e-con-inner\">\n\t\t\t\t<div class=\"elementor-element elementor-element-50dde26 elementor-widget elementor-widget-html\" data-id=\"50dde26\" data-element_type=\"widget\" data-widget_type=\"html.default\">\n\t\t\t\t\t<footer class=\"nord-footer-wrapper\">\r\n    <div class=\"nord-footer-content\">\r\n        <div class=\"footer-left\">\r\n            <span class=\"copyright\">\u00a9 2026 Futureskillnest. All rights reserved<\/span>\r\n            <div class=\"footer-links\">\r\n                <a href=\"https:\/\/futureskillnest.com\/pl\/privacy-policy\/\">Polityka prywatno\u015bci<\/a>\r\n                <a href=\"https:\/\/futureskillnest.com\/pl\/terms-of-service\/\">Regulamin<\/a>\r\n                <a href=\"https:\/\/futureskillnest.com\/pl\/cookie-preferences\/\">Preferencje dotycz\u0105ce plik\u00f3w cookie<\/a>\r\n            <\/div>\r\n        <\/div>\r\n\r\n        <div class=\"footer-right\">\r\n            <div class=\"payment-icons\">\r\n                <img decoding=\"async\" src=\"https:\/\/img.icons8.com\/color\/48\/mastercard.png\" alt=\"Mastercard\">\r\n                <img decoding=\"async\" src=\"https:\/\/img.icons8.com\/color\/48\/visa.png\" alt=\"Visa\">\r\n                <img decoding=\"async\" src=\"https:\/\/img.icons8.com\/color\/48\/amex.png\" alt=\"Amex\">\r\n                <img decoding=\"async\" src=\"https:\/\/img.icons8.com\/color\/48\/discover.png\" alt=\"Discover\">\r\n                <img decoding=\"async\" src=\"https:\/\/img.icons8.com\/color\/48\/google-pay.png\" alt=\"Google Pay\">\r\n                <img decoding=\"async\" src=\"https:\/\/img.icons8.com\/color\/48\/apple-pay.png\" alt=\"Apple Pay\">\r\n            <\/div>\r\n        <\/div>\r\n    <\/div>\r\n<\/footer>\r\n\r\n<style>\r\n    .nord-footer-wrapper {\r\n        background-color: #0b0e11;\r\n        padding: 30px 0; \/* \u589e\u52a0\u4e0a\u4e0b\u7559\u767d\u66f4\u663e\u9ad8\u7ea7 *\/\r\n        width: 100%;\r\n        color: #ffffff;\r\n        font-family: -apple-system, BlinkMacSystemFont, \"Segoe UI\", Roboto, sans-serif;\r\n        box-sizing: border-box;\r\n    }\r\n\r\n    .nord-footer-content {\r\n        max-width: 1200px;\r\n        margin: 0 auto;\r\n        padding: 0 20px;\r\n        display: flex;\r\n        justify-content: space-between;\r\n        align-items: center;\r\n        flex-wrap: wrap;\r\n        gap: 25px;\r\n    }\r\n\r\n    .footer-left {\r\n        display: flex;\r\n        align-items: center;\r\n        gap: 30px;\r\n    }\r\n\r\n    .copyright {\r\n        font-size: 13px;\r\n        opacity: 0.7; \/* \u7a0d\u5fae\u964d\u6697\u7248\u6743\u4fe1\u606f\uff0c\u7a81\u51fa\u94fe\u63a5 *\/\r\n    }\r\n\r\n    .footer-links {\r\n        display: flex;\r\n        gap: 20px;\r\n    }\r\n\r\n    .footer-links a {\r\n        color: #ffffff;\r\n        text-decoration: none;\r\n        font-size: 13px;\r\n        opacity: 0.8;\r\n        transition: opacity 0.2s;\r\n    }\r\n\r\n    .footer-links a:hover {\r\n        opacity: 1;\r\n        text-decoration: underline;\r\n    }\r\n\r\n    .payment-icons {\r\n        display: flex;\r\n        gap: 12px;\r\n        align-items: center;\r\n        flex-wrap: wrap; \/* \u5173\u952e\uff1a\u9632\u6b62\u5c0f\u5c4f\u6ea2\u51fa *\/\r\n    }\r\n\r\n    .payment-icons img {\r\n        height: 22px; \/* \u7a0d\u5fae\u7f29\u5c0f\u4e00\u70b9\u66f4\u7cbe\u81f4 *\/\r\n        width: auto;\r\n        filter: grayscale(100%);\r\n        opacity: 0.5;\r\n        transition: all 0.3s ease;\r\n    }\r\n\r\n    .payment-icons img:hover {\r\n        filter: grayscale(0%);\r\n        opacity: 1;\r\n    }\r\n\r\n    \/* --- \u79fb\u52a8\u7aef\u6df1\u5ea6\u9002\u914d --- *\/\r\n    @media (max-width: 768px) {\r\n        .nord-footer-wrapper {\r\n            padding: 40px 0; \/* \u624b\u673a\u7aef\u589e\u52a0\u7eb5\u5411\u547c\u5438\u611f *\/\r\n        }\r\n\r\n        .nord-footer-content {\r\n            flex-direction: column;\r\n            text-align: center;\r\n            gap: 30px;\r\n        }\r\n\r\n        .footer-left {\r\n            flex-direction: column;\r\n            gap: 20px;\r\n        }\r\n\r\n        .footer-links {\r\n            flex-direction: column; \/* \u624b\u673a\u7aef\u94fe\u63a5\u7ad6\u6392\u66f4\u597d\u70b9 *\/\r\n            gap: 15px;\r\n        }\r\n\r\n        .footer-links a {\r\n            font-size: 14px; \/* \u624b\u673a\u7aef\u5b57\u53f7\u5fae\u8c03\uff0c\u65b9\u4fbf\u624b\u6307\u70b9\u51fb *\/\r\n            padding: 5px 0;\r\n        }\r\n\r\n        .copyright {\r\n            order: 2; \/* \u7248\u6743\u4fe1\u606f\u5728\u624b\u673a\u7aef\u653e\u5230\u94fe\u63a5\u4e0b\u9762 *\/\r\n            font-size: 12px;\r\n        }\r\n\r\n        .footer-links {\r\n            order: 1;\r\n        }\r\n\r\n        .payment-icons {\r\n            justify-content: center;\r\n            gap: 15px;\r\n            max-width: 280px; \/* \u9650\u5236\u56fe\u6807\u533a\u57df\u5bbd\u5ea6\uff0c\u4f7f\u5176\u6574\u9f50\u6362\u884c *\/\r\n            margin: 0 auto;\r\n        }\r\n\r\n        .payment-icons img {\r\n            height: 24px; \/* \u624b\u673a\u7aef\u56fe\u6807\u7a0d\u5fae\u653e\u5927\uff0c\u65b9\u4fbf\u770b\u6e05 *\/\r\n            opacity: 0.8; \/* \u624b\u673a\u7aef\u9ed8\u8ba4\u4eae\u5ea6\u7a0d\u5fae\u63d0\u9ad8 *\/\r\n            filter: grayscale(0%); \/* \u624b\u673a\u7aef\u76f4\u63a5\u663e\u793a\u5f69\u8272\uff0c\u589e\u5f3a\u54c1\u724c\u611f *\/\r\n        }\r\n    }\r\n<\/style>\t\t\t\t<\/div>\n\t\t\t\t\t<\/div>\n\t\t\t\t<\/div>\n\t\t\t\t<\/div>","protected":false},"excerpt":{"rendered":"<p>Get VPN FutureSkillNest Privacy Policy At FutureSkillNest, your privacy is our primary mission. This Privacy Policy explains how we process and protect your personal information when you use our VPN services. By using our website and applications, you consent to the data practices described in this document. We believe in total transparency regarding your data, and we are committed to providing you with the highest level of security and anonymity while you browse the internet. Strict No Logs Policy and Data Handling We operate under a strict no-logs policy, which is the cornerstone of our commitment to your privacy. This means we do not collect, store, or log your browsing history, traffic destination, data content, or DNS queries. Furthermore, we never store your IP address, your outgoing VPN IP address, connection timestamps, or session duration. Because we do not collect this information, we cannot be compelled to provide it to any third party, government, or legal authority, ensuring your online activities remain entirely private and anonymous. Personal Information Collection and Usage To provide our services, we only collect the minimum amount of information necessary. This typically includes the email address you provide during account creation and your payment information required for processing subscriptions. This information is used solely for account management, communicating service updates, and processing transactions. We do not sell, rent, or trade your personal information to third parties for marketing purposes, and we implement strict internal controls to ensure that your account data is accessed only when necessary for technical support. Encryption Standards and Security Infrastructure We protect your data using military-grade encryption protocols to ensure that your information remains secure even on unsecured networks. All data transmitted through our servers is encrypted using AES-256-GCM, the industry standard for securing sensitive information. Our global server infrastructure in over 60 countries is designed with advanced security features to prevent data leaks and unauthorized access. We continuously monitor and update our systems to defend against emerging cyber threats and to maintain the integrity of our network. Cookies and Third Party Analytics Our website may use cookies to improve your user experience and to analyze how our site is used. These cookies are used for functional purposes, such as remembering your language preferences and managing your secure login session. We may use anonymized, aggregated analytics to monitor website performance and identify technical issues. These analytics do not contain any personally identifiable information and are not linked to your VPN activity. You can manage your cookie preferences at any time through your browser settings or our dedicated cookie settings tool. International Data Transfers and Legal Compliance As a global VPN provider, we operate servers and process data across multiple jurisdictions. We ensure that all data transfers comply with international privacy standards and regulations. In the event of a legal request for information, our response is limited by our technical architecture: since we do not log your activity or store your connection data, we have no identifiable information to provide regarding your usage of the VPN. We will always notify our users of any significant changes to this policy through our website or direct communication. \u00a9 2026 Futureskillnest. All rights reserved Privacy Policy Terms of Service Cookie Preferences<\/p>","protected":false},"author":1,"featured_media":0,"parent":0,"menu_order":0,"comment_status":"closed","ping_status":"closed","template":"elementor_canvas","meta":{"_seopress_robots_primary_cat":"","_seopress_titles_title":"","_seopress_titles_desc":"","_seopress_robots_index":"","footnotes":""},"class_list":["post-794","page","type-page","status-publish","hentry"],"acf":[],"_links":{"self":[{"href":"https:\/\/futureskillnest.com\/pl\/wp-json\/wp\/v2\/pages\/794","targetHints":{"allow":["GET"]}}],"collection":[{"href":"https:\/\/futureskillnest.com\/pl\/wp-json\/wp\/v2\/pages"}],"about":[{"href":"https:\/\/futureskillnest.com\/pl\/wp-json\/wp\/v2\/types\/page"}],"author":[{"embeddable":true,"href":"https:\/\/futureskillnest.com\/pl\/wp-json\/wp\/v2\/users\/1"}],"replies":[{"embeddable":true,"href":"https:\/\/futureskillnest.com\/pl\/wp-json\/wp\/v2\/comments?post=794"}],"version-history":[{"count":19,"href":"https:\/\/futureskillnest.com\/pl\/wp-json\/wp\/v2\/pages\/794\/revisions"}],"predecessor-version":[{"id":832,"href":"https:\/\/futureskillnest.com\/pl\/wp-json\/wp\/v2\/pages\/794\/revisions\/832"}],"wp:attachment":[{"href":"https:\/\/futureskillnest.com\/pl\/wp-json\/wp\/v2\/media?parent=794"}],"curies":[{"name":"wp","href":"https:\/\/api.w.org\/{rel}","templated":true}]}}