{"id":805,"date":"2026-03-25T11:53:49","date_gmt":"2026-03-25T03:53:49","guid":{"rendered":"https:\/\/futureskillnest.com\/?page_id=805"},"modified":"2026-03-25T11:59:01","modified_gmt":"2026-03-25T03:59:01","slug":"cookie-preferences","status":"publish","type":"page","link":"https:\/\/futureskillnest.com\/pl\/cookie-preferences\/","title":{"rendered":"FutureSkillNest Cookie Preferences"},"content":{"rendered":"<div data-elementor-type=\"wp-page\" data-elementor-id=\"805\" class=\"elementor elementor-805\" data-elementor-settings=\"{&quot;ha_cmc_init_switcher&quot;:&quot;no&quot;}\" data-elementor-post-type=\"page\">\n\t\t\t\t<div data-particle_enable=\"false\" data-particle-mobile-disabled=\"false\" class=\"elementor-element elementor-element-90a1a81 e-con-full e-flex wpr-particle-no wpr-jarallax-no wpr-parallax-no wpr-sticky-section-no e-con e-child\" data-id=\"90a1a81\" data-element_type=\"container\" data-settings=\"{&quot;background_background&quot;:&quot;classic&quot;,&quot;sticky&quot;:&quot;top&quot;,&quot;sticky_offset&quot;:1,&quot;sticky_effects_offset&quot;:100,&quot;_ha_eqh_enable&quot;:false,&quot;sticky_on&quot;:[&quot;desktop&quot;,&quot;tablet&quot;,&quot;mobile&quot;],&quot;sticky_anchor_link_offset&quot;:0}\">\n\t\t<div data-particle_enable=\"false\" data-particle-mobile-disabled=\"false\" class=\"elementor-element elementor-element-8873a27 e-con-full e-flex wpr-particle-no wpr-jarallax-no wpr-parallax-no wpr-sticky-section-no e-con e-child\" data-id=\"8873a27\" data-element_type=\"container\" data-settings=\"{&quot;_ha_eqh_enable&quot;:false}\">\n\t\t\t\t<div class=\"elementor-element elementor-element-0de1301 elementor-widget__width-initial elementor-widget elementor-widget-theme-site-logo elementor-widget-image\" data-id=\"0de1301\" data-element_type=\"widget\" data-widget_type=\"theme-site-logo.default\">\n\t\t\t\t\t\t\t\t\t\t\t<a href=\"https:\/\/futureskillnest.com\/pl\">\n\t\t\t<img decoding=\"async\" width=\"313\" height=\"139\" src=\"https:\/\/futureskillnest.com\/wp-content\/uploads\/2026\/03\/cropped-cropped-\u5c4f\u5e55\u622a\u56fe_2026-03-18_141617-removebg-preview.png\" class=\"attachment-full size-full wp-image-84\" alt=\"logo\" srcset=\"https:\/\/futureskillnest.com\/wp-content\/uploads\/2026\/03\/cropped-cropped-\u5c4f\u5e55\u622a\u56fe_2026-03-18_141617-removebg-preview.png 313w, https:\/\/futureskillnest.com\/wp-content\/uploads\/2026\/03\/cropped-cropped-\u5c4f\u5e55\u622a\u56fe_2026-03-18_141617-removebg-preview-300x133.png 300w, https:\/\/futureskillnest.com\/wp-content\/uploads\/2026\/03\/cropped-cropped-\u5c4f\u5e55\u622a\u56fe_2026-03-18_141617-removebg-preview-18x8.png 18w\" sizes=\"(max-width: 313px) 100vw, 313px\" \/>\t\t\t\t<\/a>\n\t\t\t\t\t\t\t\t\t\t\t<\/div>\n\t\t\t\t<\/div>\n\t\t<div data-particle_enable=\"false\" data-particle-mobile-disabled=\"false\" class=\"elementor-element elementor-element-5e9a263 e-con-full e-flex wpr-particle-no wpr-jarallax-no wpr-parallax-no wpr-sticky-section-no e-con e-child\" data-id=\"5e9a263\" data-element_type=\"container\" data-settings=\"{&quot;_ha_eqh_enable&quot;:false}\">\n\t\t<div data-particle_enable=\"false\" data-particle-mobile-disabled=\"false\" class=\"elementor-element elementor-element-bf7bc68 e-con-full e-flex wpr-particle-no wpr-jarallax-no wpr-parallax-no wpr-sticky-section-no e-con e-child\" data-id=\"bf7bc68\" data-element_type=\"container\" data-settings=\"{&quot;_ha_eqh_enable&quot;:false}\">\n\t\t\t\t<div class=\"elementor-element elementor-element-ec4182a elementor-align-center e-transform elementor-widget elementor-widget-button\" data-id=\"ec4182a\" data-element_type=\"widget\" data-settings=\"{&quot;_transform_scale_effect_hover&quot;:{&quot;unit&quot;:&quot;px&quot;,&quot;size&quot;:1.05,&quot;sizes&quot;:[]},&quot;_transform_scale_effect_hover_tablet&quot;:{&quot;unit&quot;:&quot;px&quot;,&quot;size&quot;:&quot;&quot;,&quot;sizes&quot;:[]},&quot;_transform_scale_effect_hover_mobile&quot;:{&quot;unit&quot;:&quot;px&quot;,&quot;size&quot;:&quot;&quot;,&quot;sizes&quot;:[]}}\" data-widget_type=\"button.default\">\n\t\t\t\t\t\t\t\t\t\t<a class=\"elementor-button elementor-button-link elementor-size-sm\" href=\"https:\/\/futureskillnest.com\/pl\/buy\/\">\n\t\t\t\t\t\t<span class=\"elementor-button-content-wrapper\">\n\t\t\t\t\t\t\t\t\t<span class=\"elementor-button-text\">Pobierz VPN<\/span>\n\t\t\t\t\t<\/span>\n\t\t\t\t\t<\/a>\n\t\t\t\t\t\t\t\t<\/div>\n\t\t\t\t<\/div>\n\t\t\t\t<\/div>\n\t\t\t\t<\/div>\n\t\t<div data-particle_enable=\"false\" data-particle-mobile-disabled=\"false\" class=\"elementor-element elementor-element-458ea8b e-flex e-con-boxed wpr-particle-no wpr-jarallax-no wpr-parallax-no wpr-sticky-section-no e-con e-parent\" data-id=\"458ea8b\" data-element_type=\"container\" data-settings=\"{&quot;_ha_eqh_enable&quot;:false}\">\n\t\t\t\t\t<div class=\"e-con-inner\">\n\t\t\t\t<div class=\"elementor-element elementor-element-e72c1aa elementor-widget elementor-widget-html\" data-id=\"e72c1aa\" data-element_type=\"widget\" data-widget_type=\"html.default\">\n\t\t\t\t\t<div class=\"fsn-scope\">\r\n    <style>\r\n        \/* 1. \u53d8\u91cf\u4e0e\u4f5c\u7528\u57df\u9694\u79bb *\/\r\n        .fsn-scope {\r\n            --fsn-bg: #ffffff;\r\n            --fsn-text: #1a1a1a;\r\n            --fsn-sub: #5a5a5a;\r\n            --fsn-green: #007664;\r\n            --fsn-toggle-on: #5bc5ae;\r\n            --fsn-toggle-off: #e0e0e0;\r\n            --fsn-border: #eeeeee;\r\n            \r\n            display: flex;\r\n            justify-content: center;\r\n            width: 100%;\r\n            margin: 20px 0;\r\n            font-family: -apple-system, BlinkMacSystemFont, \"Segoe UI\", Roboto, Helvetica, Arial, sans-serif;\r\n            -webkit-font-smoothing: antialiased;\r\n        }\r\n\r\n        \/* 2. \u5bb9\u5668\u6837\u5f0f\u9694\u79bb *\/\r\n        .fsn-scope .fsn-card {\r\n            background: var(--fsn-bg) !important;\r\n            width: 100% !important;\r\n            max-width: 600px !important;\r\n            border-radius: 12px !important;\r\n            box-shadow: 0 15px 35px rgba(0,0,0,0.08) !important;\r\n            border: 1px solid var(--fsn-border) !important;\r\n            overflow: hidden !important;\r\n            text-align: left !important; \/* \u9632\u6b62\u88ab\u7236\u7ea7\u5c45\u4e2d\u6837\u5f0f\u5e72\u6270 *\/\r\n        }\r\n\r\n        .fsn-scope .fsn-head {\r\n            padding: 15px 20px;\r\n            border-bottom: 1px solid var(--fsn-border);\r\n            display: flex;\r\n            justify-content: space-between;\r\n            align-items: center;\r\n        }\r\n        .fsn-scope .fsn-head img {\r\n            max-width: 90px;}\r\n\r\n        .fsn-scope .fsn-brand {\r\n            font-size: 1.1rem;\r\n            color: #d8291c;\r\n            font-weight: 500;\r\n        }\r\n\r\n        .fsn-scope .fsn-close-btn {\r\n            font-size: 24px;\r\n            color: #ccc;\r\n            line-height: 1;\r\n            cursor: pointer;\r\n        }\r\n\r\n        .fsn-scope .fsn-main {\r\n            padding: 25px 20px;\r\n        }\r\n\r\n        .fsn-scope .fsn-h2 {\r\n            font-size: 1.5rem;\r\n            color: var(--fsn-text);\r\n            margin: 0 0 15px 0;\r\n            font-weight: 500;\r\n            line-height: 1.2;\r\n        }\r\n\r\n        .fsn-scope .fsn-p {\r\n            font-size: 0.95rem;\r\n            color: var(--fsn-sub);\r\n            line-height: 1.5;\r\n            margin: 0 0 20px 0;\r\n        }\r\n\r\n        .fsn-scope .fsn-link {\r\n            color: var(--fsn-green);\r\n            text-decoration: underline;\r\n        }\r\n\r\n        \/* 3. \u5217\u8868\u884c\u6837\u5f0f *\/\r\n        .fsn-scope .fsn-row {\r\n            display: flex;\r\n            justify-content: space-between;\r\n            align-items: flex-start;\r\n            padding: 15px 0;\r\n            border-bottom: 1px solid var(--fsn-border);\r\n        }\r\n\r\n        .fsn-scope .fsn-row:last-child {\r\n            border-bottom: none;\r\n        }\r\n\r\n        .fsn-scope .fsn-meta {\r\n            flex: 1;\r\n            padding-right: 15px;\r\n        }\r\n\r\n        .fsn-scope .fsn-row-title {\r\n            font-size: 1.05rem;\r\n            color: var(--fsn-text);\r\n            margin: 0 0 5px 0;\r\n            font-weight: 500;\r\n        }\r\n\r\n        .fsn-scope .fsn-row-desc {\r\n            font-size: 0.88rem;\r\n            color: var(--fsn-sub);\r\n            line-height: 1.4;\r\n            margin: 0;\r\n        }\r\n\r\n        \/* 4. \u5f00\u5173\u6837\u5f0f\u7ec4\u4ef6 *\/\r\n        .fsn-scope .fsn-tgl {\r\n            position: relative;\r\n            display: inline-block;\r\n            width: 44px;\r\n            height: 22px;\r\n            flex-shrink: 0;\r\n            margin-top: 5px;\r\n        }\r\n\r\n        .fsn-scope .fsn-tgl input { opacity: 0; width: 0; height: 0; }\r\n\r\n        .fsn-scope .fsn-sld {\r\n            position: absolute;\r\n            cursor: pointer;\r\n            top: 0; left: 0; right: 0; bottom: 0;\r\n            background-color: var(--fsn-toggle-off);\r\n            transition: .3s;\r\n            border-radius: 22px;\r\n        }\r\n\r\n        .fsn-scope .fsn-sld:before {\r\n            position: absolute;\r\n            content: \"\";\r\n            height: 16px; width: 16px;\r\n            left: 3px; bottom: 3px;\r\n            background-color: white;\r\n            transition: .3s;\r\n            border-radius: 50%;\r\n        }\r\n\r\n        .fsn-scope input:checked + .fsn-sld { background-color: var(--fsn-toggle-on); }\r\n        .fsn-scope input:checked + .fsn-sld:before { transform: translateX(22px); }\r\n        .fsn-scope input:disabled + .fsn-sld { opacity: 0.6; cursor: not-allowed; }\r\n\r\n        \/* 5. \u5e95\u90e8\u4e0e\u6309\u94ae *\/\r\n        .fsn-scope .fsn-foot {\r\n            padding: 20px;\r\n            background: #fafafa;\r\n            display: flex;\r\n            justify-content: center;\r\n        }\r\n\r\n        .fsn-scope .fsn-save-btn {\r\n            background-color: var(--fsn-green);\r\n            color: #fff;\r\n            border: none;\r\n            width: 100%;\r\n            max-width: 260px;\r\n            padding: 12px 0;\r\n            font-size: 1rem;\r\n            border-radius: 30px;\r\n            cursor: pointer;\r\n            font-weight: 500;\r\n        }\r\n\r\n        \/* 6. \u79fb\u52a8\u7aef\u4f18\u5316 *\/\r\n        @media (max-width: 480px) {\r\n            .fsn-scope .fsn-main { padding: 20px 15px; }\r\n            .fsn-scope .fsn-h2 { font-size: 1.25rem; }\r\n            .fsn-scope .fsn-save-btn { max-width: 100%; }\r\n            .fsn-scope .fsn-row-desc { font-size: 0.82rem; }\r\n        }\r\n    <\/style>\r\n\r\n    <div class=\"fsn-card\">\r\n        <div class=\"fsn-head\">\r\n            <img decoding=\"async\" src=\"https:\/\/futureskillnest.com\/wp-content\/uploads\/2026\/03\/cropped-\u5c4f\u5e55\u622a\u56fe_2026-03-18_141750-removebg-preview.png\">\r\n            <span class=\"fsn-close-btn\" onclick=\"this.closest('.fsn-scope').style.display='none'\">&times;<\/span>\r\n        <\/div>\r\n\r\n        <div class=\"fsn-main\">\r\n            <h2 class=\"fsn-h2\">Ustawienia prywatno\u015bci<\/h2>\r\n            <p class=\"fsn-p\">\r\n                Wybierz rodzaje plik\u00f3w cookie, kt\u00f3re akceptujesz podczas przegl\u0105dania naszej strony. Dowiedz si\u0119 wi\u0119cej w naszej <a href=\"https:\/\/futureskillnest.com\/pl\/privacy-policy\/\" class=\"fsn-link\">Polityka prywatno\u015bci<\/a>.\r\n            <\/p>\r\n\r\n            <div class=\"fsn-row\">\r\n                <div class=\"fsn-meta\">\r\n                    <p class=\"fsn-row-title\">Marketing<\/p>\r\n                    <p class=\"fsn-row-desc\">Reklamy dopasowane do Twoich zainteresowa\u0144.<\/p>\r\n                <\/div>\r\n                <label class=\"fsn-tgl\">\r\n                    <input type=\"checkbox\" checked>\r\n                    <span class=\"fsn-sld\"><\/span>\r\n                <\/label>\r\n            <\/div>\r\n\r\n            <div class=\"fsn-row\">\r\n                <div class=\"fsn-meta\">\r\n                    <p class=\"fsn-row-title\">Funkcjonalne<\/p>\r\n                    <p class=\"fsn-row-desc\">Pomaga nam ulepsza\u0107 wydajno\u015b\u0107 strony internetowej.<\/p>\r\n                <\/div>\r\n                <label class=\"fsn-tgl\">\r\n                    <input type=\"checkbox\" checked>\r\n                    <span class=\"fsn-sld\"><\/span>\r\n                <\/label>\r\n            <\/div>\r\n\r\n            <div class=\"fsn-row\">\r\n                <div class=\"fsn-meta\">\r\n                    <p class=\"fsn-row-title\">Niezb\u0119dne<\/p>\r\n                    <p class=\"fsn-row-desc\">Obowi\u0105zkowe dla podstawowych funkcji strony.<\/p>\r\n                <\/div>\r\n                <label class=\"fsn-tgl\">\r\n                    <input type=\"checkbox\" checked disabled>\r\n                    <span class=\"fsn-sld\"><\/span>\r\n                <\/label>\r\n            <\/div>\r\n        <\/div>\r\n\r\n        <div class=\"fsn-foot\">\r\n            <button class=\"fsn-save-btn\" onclick=\"alert('Settings saved!')\">Akceptuj<\/button>\r\n        <\/div>\r\n    <\/div>\r\n<\/div>\t\t\t\t<\/div>\n\t\t\t\t\t<\/div>\n\t\t\t\t<\/div>\n\t\t\t\t<\/div>","protected":false},"excerpt":{"rendered":"<p>Get VPN &times; Privacy settings Select the types of cookies you accept while browsing our site. Find out more in our Privacy Policy. Marketing Ads that match your interests. Functional Helps us improve website performance. Essential Mandatory for core site features. Accept<\/p>","protected":false},"author":1,"featured_media":0,"parent":0,"menu_order":0,"comment_status":"closed","ping_status":"closed","template":"elementor_canvas","meta":{"_seopress_robots_primary_cat":"","_seopress_titles_title":"","_seopress_titles_desc":"","_seopress_robots_index":"","footnotes":""},"class_list":["post-805","page","type-page","status-publish","hentry"],"acf":[],"_links":{"self":[{"href":"https:\/\/futureskillnest.com\/pl\/wp-json\/wp\/v2\/pages\/805","targetHints":{"allow":["GET"]}}],"collection":[{"href":"https:\/\/futureskillnest.com\/pl\/wp-json\/wp\/v2\/pages"}],"about":[{"href":"https:\/\/futureskillnest.com\/pl\/wp-json\/wp\/v2\/types\/page"}],"author":[{"embeddable":true,"href":"https:\/\/futureskillnest.com\/pl\/wp-json\/wp\/v2\/users\/1"}],"replies":[{"embeddable":true,"href":"https:\/\/futureskillnest.com\/pl\/wp-json\/wp\/v2\/comments?post=805"}],"version-history":[{"count":7,"href":"https:\/\/futureskillnest.com\/pl\/wp-json\/wp\/v2\/pages\/805\/revisions"}],"predecessor-version":[{"id":820,"href":"https:\/\/futureskillnest.com\/pl\/wp-json\/wp\/v2\/pages\/805\/revisions\/820"}],"wp:attachment":[{"href":"https:\/\/futureskillnest.com\/pl\/wp-json\/wp\/v2\/media?parent=805"}],"curies":[{"name":"wp","href":"https:\/\/api.w.org\/{rel}","templated":true}]}}