{"id":794,"date":"2026-03-25T11:33:17","date_gmt":"2026-03-25T03:33:17","guid":{"rendered":"https:\/\/futureskillnest.com\/?page_id=794"},"modified":"2026-03-25T12:03:58","modified_gmt":"2026-03-25T04:03:58","slug":"privacy-policy","status":"publish","type":"page","link":"https:\/\/futureskillnest.com\/pt\/privacy-policy\/","title":{"rendered":"Futureskillnest-privacy-policy"},"content":{"rendered":"<div data-elementor-type=\"wp-page\" data-elementor-id=\"794\" class=\"elementor elementor-794\" data-elementor-settings=\"{&quot;ha_cmc_init_switcher&quot;:&quot;no&quot;}\" data-elementor-post-type=\"page\">\n\t\t\t\t<div data-particle_enable=\"false\" data-particle-mobile-disabled=\"false\" class=\"elementor-element elementor-element-9de313f e-con-full e-flex wpr-particle-no wpr-jarallax-no wpr-parallax-no wpr-sticky-section-no e-con e-child\" data-id=\"9de313f\" data-element_type=\"container\" data-settings=\"{&quot;background_background&quot;:&quot;classic&quot;,&quot;sticky&quot;:&quot;top&quot;,&quot;sticky_offset&quot;:1,&quot;sticky_effects_offset&quot;:100,&quot;_ha_eqh_enable&quot;:false,&quot;sticky_on&quot;:[&quot;desktop&quot;,&quot;tablet&quot;,&quot;mobile&quot;],&quot;sticky_anchor_link_offset&quot;:0}\">\n\t\t<div data-particle_enable=\"false\" data-particle-mobile-disabled=\"false\" class=\"elementor-element elementor-element-c632998 e-con-full e-flex wpr-particle-no wpr-jarallax-no wpr-parallax-no wpr-sticky-section-no e-con e-child\" data-id=\"c632998\" data-element_type=\"container\" data-settings=\"{&quot;_ha_eqh_enable&quot;:false}\">\n\t\t\t\t<div class=\"elementor-element elementor-element-2bdeaa0 elementor-widget__width-initial elementor-widget elementor-widget-theme-site-logo elementor-widget-image\" data-id=\"2bdeaa0\" data-element_type=\"widget\" data-widget_type=\"theme-site-logo.default\">\n\t\t\t\t\t\t\t\t\t\t\t<a href=\"https:\/\/futureskillnest.com\/pt\">\n\t\t\t<img decoding=\"async\" width=\"313\" height=\"139\" src=\"https:\/\/futureskillnest.com\/wp-content\/uploads\/2026\/03\/cropped-cropped-\u5c4f\u5e55\u622a\u56fe_2026-03-18_141617-removebg-preview.png\" class=\"attachment-full size-full wp-image-84\" alt=\"logo\" srcset=\"https:\/\/futureskillnest.com\/wp-content\/uploads\/2026\/03\/cropped-cropped-\u5c4f\u5e55\u622a\u56fe_2026-03-18_141617-removebg-preview.png 313w, https:\/\/futureskillnest.com\/wp-content\/uploads\/2026\/03\/cropped-cropped-\u5c4f\u5e55\u622a\u56fe_2026-03-18_141617-removebg-preview-300x133.png 300w, https:\/\/futureskillnest.com\/wp-content\/uploads\/2026\/03\/cropped-cropped-\u5c4f\u5e55\u622a\u56fe_2026-03-18_141617-removebg-preview-18x8.png 18w\" sizes=\"(max-width: 313px) 100vw, 313px\" \/>\t\t\t\t<\/a>\n\t\t\t\t\t\t\t\t\t\t\t<\/div>\n\t\t\t\t<\/div>\n\t\t<div data-particle_enable=\"false\" data-particle-mobile-disabled=\"false\" class=\"elementor-element elementor-element-d8940ae e-con-full e-flex wpr-particle-no wpr-jarallax-no wpr-parallax-no wpr-sticky-section-no e-con e-child\" data-id=\"d8940ae\" data-element_type=\"container\" data-settings=\"{&quot;_ha_eqh_enable&quot;:false}\">\n\t\t<div data-particle_enable=\"false\" data-particle-mobile-disabled=\"false\" class=\"elementor-element elementor-element-2de65b0 e-con-full e-flex wpr-particle-no wpr-jarallax-no wpr-parallax-no wpr-sticky-section-no e-con e-child\" data-id=\"2de65b0\" data-element_type=\"container\" data-settings=\"{&quot;_ha_eqh_enable&quot;:false}\">\n\t\t\t\t<div class=\"elementor-element elementor-element-b01e704 elementor-align-center e-transform elementor-widget elementor-widget-button\" data-id=\"b01e704\" data-element_type=\"widget\" data-settings=\"{&quot;_transform_scale_effect_hover&quot;:{&quot;unit&quot;:&quot;px&quot;,&quot;size&quot;:1.05,&quot;sizes&quot;:[]},&quot;_transform_scale_effect_hover_tablet&quot;:{&quot;unit&quot;:&quot;px&quot;,&quot;size&quot;:&quot;&quot;,&quot;sizes&quot;:[]},&quot;_transform_scale_effect_hover_mobile&quot;:{&quot;unit&quot;:&quot;px&quot;,&quot;size&quot;:&quot;&quot;,&quot;sizes&quot;:[]}}\" data-widget_type=\"button.default\">\n\t\t\t\t\t\t\t\t\t\t<a class=\"elementor-button elementor-button-link elementor-size-sm\" href=\"https:\/\/futureskillnest.com\/pt\/buy\/\">\n\t\t\t\t\t\t<span class=\"elementor-button-content-wrapper\">\n\t\t\t\t\t\t\t\t\t<span class=\"elementor-button-text\">Obter VPN<\/span>\n\t\t\t\t\t<\/span>\n\t\t\t\t\t<\/a>\n\t\t\t\t\t\t\t\t<\/div>\n\t\t\t\t<\/div>\n\t\t\t\t<\/div>\n\t\t\t\t<\/div>\n\t\t<div data-particle_enable=\"false\" data-particle-mobile-disabled=\"false\" class=\"elementor-element elementor-element-aa5adf0 e-flex e-con-boxed wpr-particle-no wpr-jarallax-no wpr-parallax-no wpr-sticky-section-no e-con e-parent\" data-id=\"aa5adf0\" data-element_type=\"container\" data-settings=\"{&quot;_ha_eqh_enable&quot;:false}\">\n\t\t\t\t\t<div class=\"e-con-inner\">\n\t\t\t\t<div class=\"elementor-element elementor-element-4e2c6f1 elementor-widget elementor-widget-text-editor\" data-id=\"4e2c6f1\" data-element_type=\"widget\" data-widget_type=\"text-editor.default\">\n\t\t\t\t\t\t\t\t\t<h1 data-path-to-node=\"2\">Pol\u00edtica de privacidade da FutureSkillNest<\/h1><p data-path-to-node=\"3\">Na FutureSkillNest, a sua privacidade \u00e9 a nossa principal miss\u00e3o. Esta Pol\u00edtica de Privacidade explica como processamos e protegemos as suas informa\u00e7\u00f5es pessoais quando utiliza os nossos servi\u00e7os de VPN. Ao utilizar o nosso website e aplica\u00e7\u00f5es, concorda com as pr\u00e1ticas de dados descritas neste documento. Acreditamos na transpar\u00eancia total em rela\u00e7\u00e3o aos seus dados e estamos empenhados em fornecer-lhe o mais alto n\u00edvel de seguran\u00e7a e anonimato enquanto navega na Internet.<\/p><h2 data-path-to-node=\"4\">Pol\u00edtica rigorosa de aus\u00eancia de registos e manuseamento de dados<\/h2><p data-path-to-node=\"5\">Operamos sob uma pol\u00edtica rigorosa de aus\u00eancia de registos, que \u00e9 a pedra angular do nosso compromisso com a sua privacidade. Isto significa que n\u00e3o recolhemos, armazenamos ou registamos o seu hist\u00f3rico de navega\u00e7\u00e3o, destino de tr\u00e1fego, conte\u00fado de dados ou consultas de DNS. Al\u00e9m disso, nunca armazenamos o seu endere\u00e7o IP, o seu endere\u00e7o IP de VPN de sa\u00edda, carimbos de data\/hora de liga\u00e7\u00e3o ou dura\u00e7\u00e3o da sess\u00e3o. Como n\u00e3o recolhemos estas informa\u00e7\u00f5es, n\u00e3o podemos ser obrigados a fornec\u00ea-las a terceiros, governos ou autoridades legais, garantindo que as suas atividades online permane\u00e7am inteiramente privadas e an\u00f3nimas.<\/p><h2 data-path-to-node=\"6\">Recolha e utiliza\u00e7\u00e3o de informa\u00e7\u00f5es pessoais<\/h2><p data-path-to-node=\"7\">Para fornecer os nossos servi\u00e7os, recolhemos apenas a quantidade m\u00ednima de informa\u00e7\u00e3o necess\u00e1ria. Isto inclui normalmente o endere\u00e7o de e-mail que fornece durante a cria\u00e7\u00e3o da conta e as informa\u00e7\u00f5es de pagamento necess\u00e1rias para o processamento de subscri\u00e7\u00f5es. Estas informa\u00e7\u00f5es s\u00e3o utilizadas exclusivamente para a gest\u00e3o da conta, comunica\u00e7\u00e3o de atualiza\u00e7\u00f5es do servi\u00e7o e processamento de transa\u00e7\u00f5es. N\u00e3o vendemos, alugamos ou comercializamos as suas informa\u00e7\u00f5es pessoais com terceiros para fins de marketing e implementamos controlos internos rigorosos para garantir que os dados da sua conta s\u00e3o acedidos apenas quando necess\u00e1rio para suporte t\u00e9cnico.<\/p><h2 data-path-to-node=\"8\">Padr\u00f5es de encripta\u00e7\u00e3o e infraestrutura de seguran\u00e7a<\/h2><p data-path-to-node=\"9\">Protegemos os seus dados utilizando protocolos de encripta\u00e7\u00e3o de n\u00edvel militar para garantir que as suas informa\u00e7\u00f5es permanecem seguras, mesmo em redes n\u00e3o seguras. Todos os dados transmitidos atrav\u00e9s dos nossos servidores s\u00e3o encriptados utilizando AES-256-GCM, o padr\u00e3o da ind\u00fastria para a prote\u00e7\u00e3o de informa\u00e7\u00f5es sens\u00edveis. A nossa infraestrutura global de servidores em mais de 60 pa\u00edses foi concebida com funcionalidades de seguran\u00e7a avan\u00e7adas para evitar fugas de dados e acessos n\u00e3o autorizados. Monitorizamos e atualizamos continuamente os nossos sistemas para nos defendermos contra amea\u00e7as cibern\u00e9ticas emergentes e para manter a integridade da nossa rede.<\/p><h2 data-path-to-node=\"10\">Cookies e an\u00e1lises de terceiros<\/h2><p data-path-to-node=\"11\">Nosso site pode usar cookies para melhorar sua experi\u00eancia de usu\u00e1rio e analisar como nosso site \u00e9 usado. Esses cookies s\u00e3o usados para fins funcionais, como lembrar suas prefer\u00eancias de idioma e gerenciar sua sess\u00e3o de login segura. Podemos usar an\u00e1lises agregadas e anonimizadas para monitorar o desempenho do site e identificar problemas t\u00e9cnicos. Essas an\u00e1lises n\u00e3o cont\u00eam nenhuma informa\u00e7\u00e3o de identifica\u00e7\u00e3o pessoal e n\u00e3o est\u00e3o vinculadas \u00e0 sua atividade de VPN. Voc\u00ea pode gerenciar suas prefer\u00eancias de cookies a qualquer momento por meio das configura\u00e7\u00f5es do seu navegador ou de nossa ferramenta dedicada de configura\u00e7\u00f5es de cookies.<\/p><h2 data-path-to-node=\"12\">Transfer\u00eancias Internacionais de Dados e Conformidade Legal<\/h2><p data-path-to-node=\"13\">Como provedor global de VPN, operamos servidores e processamos dados em m\u00faltiplas jurisdi\u00e7\u00f5es. Garantimos que todas as transfer\u00eancias de dados cumpram os padr\u00f5es e regulamentos internacionais de privacidade. No caso de uma solicita\u00e7\u00e3o legal de informa\u00e7\u00f5es, nossa resposta \u00e9 limitada pela nossa arquitetura t\u00e9cnica: como n\u00e3o registramos sua atividade nem armazenamos seus dados de conex\u00e3o, n\u00e3o temos informa\u00e7\u00f5es identific\u00e1veis para fornecer em rela\u00e7\u00e3o ao seu uso da VPN. Sempre notificaremos nossos usu\u00e1rios sobre quaisquer altera\u00e7\u00f5es significativas nesta pol\u00edtica atrav\u00e9s do nosso site ou comunica\u00e7\u00e3o direta.<\/p>\t\t\t\t\t\t\t\t<\/div>\n\t\t\t\t\t<\/div>\n\t\t\t\t<\/div>\n\t\t<div data-particle_enable=\"false\" data-particle-mobile-disabled=\"false\" class=\"elementor-element elementor-element-9fa8c7b e-flex e-con-boxed wpr-particle-no wpr-jarallax-no wpr-parallax-no wpr-sticky-section-no e-con e-parent\" data-id=\"9fa8c7b\" data-element_type=\"container\" data-settings=\"{&quot;background_background&quot;:&quot;classic&quot;,&quot;_ha_eqh_enable&quot;:false}\">\n\t\t\t\t\t<div class=\"e-con-inner\">\n\t\t\t\t<div class=\"elementor-element elementor-element-50dde26 elementor-widget elementor-widget-html\" data-id=\"50dde26\" data-element_type=\"widget\" data-widget_type=\"html.default\">\n\t\t\t\t\t<footer class=\"nord-footer-wrapper\">\r\n    <div class=\"nord-footer-content\">\r\n        <div class=\"footer-left\">\r\n            <span class=\"copyright\">\u00a9 2026 Futureskillnest. All rights reserved<\/span>\r\n            <div class=\"footer-links\">\r\n                <a href=\"https:\/\/futureskillnest.com\/pt\/privacy-policy\/\">Pol\u00edtica de Privacidade<\/a>\r\n                <a href=\"https:\/\/futureskillnest.com\/pt\/terms-of-service\/\">Termos de Servi\u00e7o<\/a>\r\n                <a href=\"https:\/\/futureskillnest.com\/pt\/cookie-preferences\/\">Prefer\u00eancias de Cookies<\/a>\r\n            <\/div>\r\n        <\/div>\r\n\r\n        <div class=\"footer-right\">\r\n            <div class=\"payment-icons\">\r\n                <img decoding=\"async\" src=\"https:\/\/img.icons8.com\/color\/48\/mastercard.png\" alt=\"Mastercard\">\r\n                <img decoding=\"async\" src=\"https:\/\/img.icons8.com\/color\/48\/visa.png\" alt=\"Visa\">\r\n                <img decoding=\"async\" src=\"https:\/\/img.icons8.com\/color\/48\/amex.png\" alt=\"Amex\">\r\n                <img decoding=\"async\" src=\"https:\/\/img.icons8.com\/color\/48\/discover.png\" alt=\"Discover\">\r\n                <img decoding=\"async\" src=\"https:\/\/img.icons8.com\/color\/48\/google-pay.png\" alt=\"Google Pay\">\r\n                <img decoding=\"async\" src=\"https:\/\/img.icons8.com\/color\/48\/apple-pay.png\" alt=\"Apple Pay\">\r\n            <\/div>\r\n        <\/div>\r\n    <\/div>\r\n<\/footer>\r\n\r\n<style>\r\n    .nord-footer-wrapper {\r\n        background-color: #0b0e11;\r\n        padding: 30px 0; \/* \u589e\u52a0\u4e0a\u4e0b\u7559\u767d\u66f4\u663e\u9ad8\u7ea7 *\/\r\n        width: 100%;\r\n        color: #ffffff;\r\n        font-family: -apple-system, BlinkMacSystemFont, \"Segoe UI\", Roboto, sans-serif;\r\n        box-sizing: border-box;\r\n    }\r\n\r\n    .nord-footer-content {\r\n        max-width: 1200px;\r\n        margin: 0 auto;\r\n        padding: 0 20px;\r\n        display: flex;\r\n        justify-content: space-between;\r\n        align-items: center;\r\n        flex-wrap: wrap;\r\n        gap: 25px;\r\n    }\r\n\r\n    .footer-left {\r\n        display: flex;\r\n        align-items: center;\r\n        gap: 30px;\r\n    }\r\n\r\n    .copyright {\r\n        font-size: 13px;\r\n        opacity: 0.7; \/* \u7a0d\u5fae\u964d\u6697\u7248\u6743\u4fe1\u606f\uff0c\u7a81\u51fa\u94fe\u63a5 *\/\r\n    }\r\n\r\n    .footer-links {\r\n        display: flex;\r\n        gap: 20px;\r\n    }\r\n\r\n    .footer-links a {\r\n        color: #ffffff;\r\n        text-decoration: none;\r\n        font-size: 13px;\r\n        opacity: 0.8;\r\n        transition: opacity 0.2s;\r\n    }\r\n\r\n    .footer-links a:hover {\r\n        opacity: 1;\r\n        text-decoration: underline;\r\n    }\r\n\r\n    .payment-icons {\r\n        display: flex;\r\n        gap: 12px;\r\n        align-items: center;\r\n        flex-wrap: wrap; \/* \u5173\u952e\uff1a\u9632\u6b62\u5c0f\u5c4f\u6ea2\u51fa *\/\r\n    }\r\n\r\n    .payment-icons img {\r\n        height: 22px; \/* \u7a0d\u5fae\u7f29\u5c0f\u4e00\u70b9\u66f4\u7cbe\u81f4 *\/\r\n        width: auto;\r\n        filter: grayscale(100%);\r\n        opacity: 0.5;\r\n        transition: all 0.3s ease;\r\n    }\r\n\r\n    .payment-icons img:hover {\r\n        filter: grayscale(0%);\r\n        opacity: 1;\r\n    }\r\n\r\n    \/* --- \u79fb\u52a8\u7aef\u6df1\u5ea6\u9002\u914d --- *\/\r\n    @media (max-width: 768px) {\r\n        .nord-footer-wrapper {\r\n            padding: 40px 0; \/* \u624b\u673a\u7aef\u589e\u52a0\u7eb5\u5411\u547c\u5438\u611f *\/\r\n        }\r\n\r\n        .nord-footer-content {\r\n            flex-direction: column;\r\n            text-align: center;\r\n            gap: 30px;\r\n        }\r\n\r\n        .footer-left {\r\n            flex-direction: column;\r\n            gap: 20px;\r\n        }\r\n\r\n        .footer-links {\r\n            flex-direction: column; \/* \u624b\u673a\u7aef\u94fe\u63a5\u7ad6\u6392\u66f4\u597d\u70b9 *\/\r\n            gap: 15px;\r\n        }\r\n\r\n        .footer-links a {\r\n            font-size: 14px; \/* \u624b\u673a\u7aef\u5b57\u53f7\u5fae\u8c03\uff0c\u65b9\u4fbf\u624b\u6307\u70b9\u51fb *\/\r\n            padding: 5px 0;\r\n        }\r\n\r\n        .copyright {\r\n            order: 2; \/* \u7248\u6743\u4fe1\u606f\u5728\u624b\u673a\u7aef\u653e\u5230\u94fe\u63a5\u4e0b\u9762 *\/\r\n            font-size: 12px;\r\n        }\r\n\r\n        .footer-links {\r\n            order: 1;\r\n        }\r\n\r\n        .payment-icons {\r\n            justify-content: center;\r\n            gap: 15px;\r\n            max-width: 280px; \/* \u9650\u5236\u56fe\u6807\u533a\u57df\u5bbd\u5ea6\uff0c\u4f7f\u5176\u6574\u9f50\u6362\u884c *\/\r\n            margin: 0 auto;\r\n        }\r\n\r\n        .payment-icons img {\r\n            height: 24px; \/* \u624b\u673a\u7aef\u56fe\u6807\u7a0d\u5fae\u653e\u5927\uff0c\u65b9\u4fbf\u770b\u6e05 *\/\r\n            opacity: 0.8; \/* \u624b\u673a\u7aef\u9ed8\u8ba4\u4eae\u5ea6\u7a0d\u5fae\u63d0\u9ad8 *\/\r\n            filter: grayscale(0%); \/* \u624b\u673a\u7aef\u76f4\u63a5\u663e\u793a\u5f69\u8272\uff0c\u589e\u5f3a\u54c1\u724c\u611f *\/\r\n        }\r\n    }\r\n<\/style>\t\t\t\t<\/div>\n\t\t\t\t\t<\/div>\n\t\t\t\t<\/div>\n\t\t\t\t<\/div>","protected":false},"excerpt":{"rendered":"<p>Get VPN FutureSkillNest Privacy Policy At FutureSkillNest, your privacy is our primary mission. This Privacy Policy explains how we process and protect your personal information when you use our VPN services. By using our website and applications, you consent to the data practices described in this document. We believe in total transparency regarding your data, and we are committed to providing you with the highest level of security and anonymity while you browse the internet. Strict No Logs Policy and Data Handling We operate under a strict no-logs policy, which is the cornerstone of our commitment to your privacy. This means we do not collect, store, or log your browsing history, traffic destination, data content, or DNS queries. Furthermore, we never store your IP address, your outgoing VPN IP address, connection timestamps, or session duration. Because we do not collect this information, we cannot be compelled to provide it to any third party, government, or legal authority, ensuring your online activities remain entirely private and anonymous. Personal Information Collection and Usage To provide our services, we only collect the minimum amount of information necessary. This typically includes the email address you provide during account creation and your payment information required for processing subscriptions. This information is used solely for account management, communicating service updates, and processing transactions. We do not sell, rent, or trade your personal information to third parties for marketing purposes, and we implement strict internal controls to ensure that your account data is accessed only when necessary for technical support. Encryption Standards and Security Infrastructure We protect your data using military-grade encryption protocols to ensure that your information remains secure even on unsecured networks. All data transmitted through our servers is encrypted using AES-256-GCM, the industry standard for securing sensitive information. Our global server infrastructure in over 60 countries is designed with advanced security features to prevent data leaks and unauthorized access. We continuously monitor and update our systems to defend against emerging cyber threats and to maintain the integrity of our network. Cookies and Third Party Analytics Our website may use cookies to improve your user experience and to analyze how our site is used. These cookies are used for functional purposes, such as remembering your language preferences and managing your secure login session. We may use anonymized, aggregated analytics to monitor website performance and identify technical issues. These analytics do not contain any personally identifiable information and are not linked to your VPN activity. You can manage your cookie preferences at any time through your browser settings or our dedicated cookie settings tool. International Data Transfers and Legal Compliance As a global VPN provider, we operate servers and process data across multiple jurisdictions. We ensure that all data transfers comply with international privacy standards and regulations. In the event of a legal request for information, our response is limited by our technical architecture: since we do not log your activity or store your connection data, we have no identifiable information to provide regarding your usage of the VPN. We will always notify our users of any significant changes to this policy through our website or direct communication. \u00a9 2026 Futureskillnest. All rights reserved Privacy Policy Terms of Service Cookie Preferences<\/p>","protected":false},"author":1,"featured_media":0,"parent":0,"menu_order":0,"comment_status":"closed","ping_status":"closed","template":"elementor_canvas","meta":{"_seopress_robots_primary_cat":"","_seopress_titles_title":"","_seopress_titles_desc":"","_seopress_robots_index":"","footnotes":""},"class_list":["post-794","page","type-page","status-publish","hentry"],"acf":[],"_links":{"self":[{"href":"https:\/\/futureskillnest.com\/pt\/wp-json\/wp\/v2\/pages\/794","targetHints":{"allow":["GET"]}}],"collection":[{"href":"https:\/\/futureskillnest.com\/pt\/wp-json\/wp\/v2\/pages"}],"about":[{"href":"https:\/\/futureskillnest.com\/pt\/wp-json\/wp\/v2\/types\/page"}],"author":[{"embeddable":true,"href":"https:\/\/futureskillnest.com\/pt\/wp-json\/wp\/v2\/users\/1"}],"replies":[{"embeddable":true,"href":"https:\/\/futureskillnest.com\/pt\/wp-json\/wp\/v2\/comments?post=794"}],"version-history":[{"count":19,"href":"https:\/\/futureskillnest.com\/pt\/wp-json\/wp\/v2\/pages\/794\/revisions"}],"predecessor-version":[{"id":832,"href":"https:\/\/futureskillnest.com\/pt\/wp-json\/wp\/v2\/pages\/794\/revisions\/832"}],"wp:attachment":[{"href":"https:\/\/futureskillnest.com\/pt\/wp-json\/wp\/v2\/media?parent=794"}],"curies":[{"name":"wp","href":"https:\/\/api.w.org\/{rel}","templated":true}]}}