{"id":794,"date":"2026-03-25T11:33:17","date_gmt":"2026-03-25T03:33:17","guid":{"rendered":"https:\/\/futureskillnest.com\/?page_id=794"},"modified":"2026-03-25T12:03:58","modified_gmt":"2026-03-25T04:03:58","slug":"privacy-policy","status":"publish","type":"page","link":"https:\/\/futureskillnest.com\/sv\/privacy-policy\/","title":{"rendered":"Futureskillnest-privacy-policy"},"content":{"rendered":"<div data-elementor-type=\"wp-page\" data-elementor-id=\"794\" class=\"elementor elementor-794\" data-elementor-settings=\"{&quot;ha_cmc_init_switcher&quot;:&quot;no&quot;}\" data-elementor-post-type=\"page\">\n\t\t\t\t<div data-particle_enable=\"false\" data-particle-mobile-disabled=\"false\" class=\"elementor-element elementor-element-9de313f e-con-full e-flex wpr-particle-no wpr-jarallax-no wpr-parallax-no wpr-sticky-section-no e-con e-child\" data-id=\"9de313f\" data-element_type=\"container\" data-settings=\"{&quot;background_background&quot;:&quot;classic&quot;,&quot;sticky&quot;:&quot;top&quot;,&quot;sticky_offset&quot;:1,&quot;sticky_effects_offset&quot;:100,&quot;_ha_eqh_enable&quot;:false,&quot;sticky_on&quot;:[&quot;desktop&quot;,&quot;tablet&quot;,&quot;mobile&quot;],&quot;sticky_anchor_link_offset&quot;:0}\">\n\t\t<div data-particle_enable=\"false\" data-particle-mobile-disabled=\"false\" class=\"elementor-element elementor-element-c632998 e-con-full e-flex wpr-particle-no wpr-jarallax-no wpr-parallax-no wpr-sticky-section-no e-con e-child\" data-id=\"c632998\" data-element_type=\"container\" data-settings=\"{&quot;_ha_eqh_enable&quot;:false}\">\n\t\t\t\t<div class=\"elementor-element elementor-element-2bdeaa0 elementor-widget__width-initial elementor-widget elementor-widget-theme-site-logo elementor-widget-image\" data-id=\"2bdeaa0\" data-element_type=\"widget\" data-widget_type=\"theme-site-logo.default\">\n\t\t\t\t\t\t\t\t\t\t\t<a href=\"https:\/\/futureskillnest.com\/sv\">\n\t\t\t<img decoding=\"async\" width=\"313\" height=\"139\" src=\"https:\/\/futureskillnest.com\/wp-content\/uploads\/2026\/03\/cropped-cropped-\u5c4f\u5e55\u622a\u56fe_2026-03-18_141617-removebg-preview.png\" class=\"attachment-full size-full wp-image-84\" alt=\"logo\" srcset=\"https:\/\/futureskillnest.com\/wp-content\/uploads\/2026\/03\/cropped-cropped-\u5c4f\u5e55\u622a\u56fe_2026-03-18_141617-removebg-preview.png 313w, https:\/\/futureskillnest.com\/wp-content\/uploads\/2026\/03\/cropped-cropped-\u5c4f\u5e55\u622a\u56fe_2026-03-18_141617-removebg-preview-300x133.png 300w, https:\/\/futureskillnest.com\/wp-content\/uploads\/2026\/03\/cropped-cropped-\u5c4f\u5e55\u622a\u56fe_2026-03-18_141617-removebg-preview-18x8.png 18w\" sizes=\"(max-width: 313px) 100vw, 313px\" \/>\t\t\t\t<\/a>\n\t\t\t\t\t\t\t\t\t\t\t<\/div>\n\t\t\t\t<\/div>\n\t\t<div data-particle_enable=\"false\" data-particle-mobile-disabled=\"false\" class=\"elementor-element elementor-element-d8940ae e-con-full e-flex wpr-particle-no wpr-jarallax-no wpr-parallax-no wpr-sticky-section-no e-con e-child\" data-id=\"d8940ae\" data-element_type=\"container\" data-settings=\"{&quot;_ha_eqh_enable&quot;:false}\">\n\t\t<div data-particle_enable=\"false\" data-particle-mobile-disabled=\"false\" class=\"elementor-element elementor-element-2de65b0 e-con-full e-flex wpr-particle-no wpr-jarallax-no wpr-parallax-no wpr-sticky-section-no e-con e-child\" data-id=\"2de65b0\" data-element_type=\"container\" data-settings=\"{&quot;_ha_eqh_enable&quot;:false}\">\n\t\t\t\t<div class=\"elementor-element elementor-element-b01e704 elementor-align-center e-transform elementor-widget elementor-widget-button\" data-id=\"b01e704\" data-element_type=\"widget\" data-settings=\"{&quot;_transform_scale_effect_hover&quot;:{&quot;unit&quot;:&quot;px&quot;,&quot;size&quot;:1.05,&quot;sizes&quot;:[]},&quot;_transform_scale_effect_hover_tablet&quot;:{&quot;unit&quot;:&quot;px&quot;,&quot;size&quot;:&quot;&quot;,&quot;sizes&quot;:[]},&quot;_transform_scale_effect_hover_mobile&quot;:{&quot;unit&quot;:&quot;px&quot;,&quot;size&quot;:&quot;&quot;,&quot;sizes&quot;:[]}}\" data-widget_type=\"button.default\">\n\t\t\t\t\t\t\t\t\t\t<a class=\"elementor-button elementor-button-link elementor-size-sm\" href=\"https:\/\/futureskillnest.com\/sv\/buy\/\">\n\t\t\t\t\t\t<span class=\"elementor-button-content-wrapper\">\n\t\t\t\t\t\t\t\t\t<span class=\"elementor-button-text\">Skaffa VPN<\/span>\n\t\t\t\t\t<\/span>\n\t\t\t\t\t<\/a>\n\t\t\t\t\t\t\t\t<\/div>\n\t\t\t\t<\/div>\n\t\t\t\t<\/div>\n\t\t\t\t<\/div>\n\t\t<div data-particle_enable=\"false\" data-particle-mobile-disabled=\"false\" class=\"elementor-element elementor-element-aa5adf0 e-flex e-con-boxed wpr-particle-no wpr-jarallax-no wpr-parallax-no wpr-sticky-section-no e-con e-parent\" data-id=\"aa5adf0\" data-element_type=\"container\" data-settings=\"{&quot;_ha_eqh_enable&quot;:false}\">\n\t\t\t\t\t<div class=\"e-con-inner\">\n\t\t\t\t<div class=\"elementor-element elementor-element-4e2c6f1 elementor-widget elementor-widget-text-editor\" data-id=\"4e2c6f1\" data-element_type=\"widget\" data-widget_type=\"text-editor.default\">\n\t\t\t\t\t\t\t\t\t<h1 data-path-to-node=\"2\">FutureSkillNest integritetspolicy<\/h1><p data-path-to-node=\"3\">Hos FutureSkillNest \u00e4r din integritet v\u00e5rt fr\u00e4msta uppdrag. Denna integritetspolicy f\u00f6rklarar hur vi behandlar och skyddar dina personuppgifter n\u00e4r du anv\u00e4nder v\u00e5ra VPN-tj\u00e4nster. Genom att anv\u00e4nda v\u00e5r webbplats och v\u00e5ra applikationer samtycker du till den datapraxis som beskrivs i detta dokument. Vi tror p\u00e5 total transparens g\u00e4llande dina data och vi \u00e4r fast beslutna att ge dig h\u00f6gsta m\u00f6jliga s\u00e4kerhet och anonymitet n\u00e4r du surfar p\u00e5 internet.<\/p><h2 data-path-to-node=\"4\">Strikt policy mot loggar och datahantering<\/h2><p data-path-to-node=\"5\">Vi arbetar under en strikt policy mot loggar, vilket \u00e4r h\u00f6rnstenen i v\u00e5rt engagemang f\u00f6r din integritet. Detta inneb\u00e4r att vi inte samlar in, lagrar eller loggar din webbhistorik, trafikdestination, datainneh\u00e5ll eller DNS-fr\u00e5gor. Dessutom lagrar vi aldrig din IP-adress, din utg\u00e5ende VPN-IP-adress, tidsst\u00e4mplar f\u00f6r anslutning eller sessionsl\u00e4ngd. Eftersom vi inte samlar in denna information kan vi inte tvingas att l\u00e4mna ut den till n\u00e5gon tredje part, regering eller juridisk myndighet, vilket s\u00e4kerst\u00e4ller att dina onlineaktiviteter f\u00f6rblir helt privata och anonyma.<\/p><h2 data-path-to-node=\"6\">Insamling och anv\u00e4ndning av personuppgifter<\/h2><p data-path-to-node=\"7\">F\u00f6r att tillhandah\u00e5lla v\u00e5ra tj\u00e4nster samlar vi endast in minsta m\u00f6jliga m\u00e4ngd n\u00f6dv\u00e4ndig information. Detta inkluderar vanligtvis den e-postadress du anger n\u00e4r du skapar ett konto och din betalningsinformation som kr\u00e4vs f\u00f6r att behandla prenumerationer. Denna information anv\u00e4nds enbart f\u00f6r kontohantering, kommunikation om tj\u00e4nsteuppdateringar och behandling av transaktioner. Vi s\u00e4ljer, hyr inte ut eller handlar inte med dina personuppgifter till tredje part i marknadsf\u00f6ringssyfte, och vi till\u00e4mpar strikta interna kontroller f\u00f6r att s\u00e4kerst\u00e4lla att dina kontodata endast n\u00e5s n\u00e4r det \u00e4r n\u00f6dv\u00e4ndigt f\u00f6r teknisk support.<\/p><h2 data-path-to-node=\"8\">Krypteringsstandarder och s\u00e4kerhetsinfrastruktur<\/h2><p data-path-to-node=\"9\">Vi skyddar dina data med krypteringsprotokoll av milit\u00e4rklass f\u00f6r att s\u00e4kerst\u00e4lla att din information f\u00f6rblir s\u00e4ker \u00e4ven p\u00e5 os\u00e4krade n\u00e4tverk. Alla data som \u00f6verf\u00f6rs via v\u00e5ra servrar krypteras med AES-256-GCM, branschstandarden f\u00f6r att s\u00e4kra k\u00e4nslig information. V\u00e5r globala serverinfrastruktur i \u00f6ver 60 l\u00e4nder \u00e4r designana med avancerade s\u00e4kerhetsfunktioner f\u00f6r att f\u00f6rhindra datal\u00e4ckor och obeh\u00f6rig \u00e5tkomst. Vi \u00f6vervakar och uppdaterar st\u00e4ndigt v\u00e5ra system f\u00f6r att f\u00f6rsvara oss mot nya cyberhot och f\u00f6r att uppr\u00e4tth\u00e5lla n\u00e4tverkets integritet.<\/p><h2 data-path-to-node=\"10\">Cookies och tredjepartsanalys<\/h2><p data-path-to-node=\"11\">V\u00e5r webbplats kan anv\u00e4nda cookies f\u00f6r att f\u00f6rb\u00e4ttra din anv\u00e4ndarupplevelse och f\u00f6r att analysera hur v\u00e5r webbplats anv\u00e4nds. Dessa cookies anv\u00e4nds f\u00f6r funktionella \u00e4ndam\u00e5l, s\u00e5som att komma ih\u00e5g dina spr\u00e5kinst\u00e4llningar och hantera din s\u00e4kra inloggningssession. Vi kan anv\u00e4nda anonymiserad, aggregerad analys f\u00f6r att \u00f6vervaka webbplatsens prestanda och identifiera tekniska problem. Dessa analyser inneh\u00e5ller ingen personligt identifierbar information och \u00e4r inte kopplade till din VPN-aktivitet. Du kan n\u00e4r som helst hantera dina cookie-inst\u00e4llningar via din webbl\u00e4sares inst\u00e4llningar eller v\u00e5rt dedikerade verktyg f\u00f6r cookie-inst\u00e4llningar.<\/p><h2 data-path-to-node=\"12\">Internationella data\u00f6verf\u00f6ringar och laglig efterlevnad<\/h2><p data-path-to-node=\"13\">Som en global VPN-leverant\u00f6r driver vi servrar och behandlar data i flera jurisdiktioner. Vi s\u00e4kerst\u00e4ller att alla data\u00f6verf\u00f6ringar f\u00f6ljer internationella integritetsstandarder och regler. Vid en juridisk beg\u00e4ran om information begr\u00e4nsas v\u00e5rt svar av v\u00e5r tekniska arkitektur: eftersom vi inte loggar din aktivitet eller lagrar dina anslutningsdata, har vi ingen identifierbar information att tillhandah\u00e5lla g\u00e4llande din anv\u00e4ndning av VPN-tj\u00e4nsten. Vi kommer alltid att meddela v\u00e5ra anv\u00e4ndare om eventuella betydande \u00e4ndringar i denna policy via v\u00e5r webbplats eller direkt kommunikation.<\/p>\t\t\t\t\t\t\t\t<\/div>\n\t\t\t\t\t<\/div>\n\t\t\t\t<\/div>\n\t\t<div data-particle_enable=\"false\" data-particle-mobile-disabled=\"false\" class=\"elementor-element elementor-element-9fa8c7b e-flex e-con-boxed wpr-particle-no wpr-jarallax-no wpr-parallax-no wpr-sticky-section-no e-con e-parent\" data-id=\"9fa8c7b\" data-element_type=\"container\" data-settings=\"{&quot;background_background&quot;:&quot;classic&quot;,&quot;_ha_eqh_enable&quot;:false}\">\n\t\t\t\t\t<div class=\"e-con-inner\">\n\t\t\t\t<div class=\"elementor-element elementor-element-50dde26 elementor-widget elementor-widget-html\" data-id=\"50dde26\" data-element_type=\"widget\" data-widget_type=\"html.default\">\n\t\t\t\t\t<footer class=\"nord-footer-wrapper\">\r\n    <div class=\"nord-footer-content\">\r\n        <div class=\"footer-left\">\r\n            <span class=\"copyright\">\u00a9 2026 Futureskillnest. All rights reserved<\/span>\r\n            <div class=\"footer-links\">\r\n                <a href=\"https:\/\/futureskillnest.com\/sv\/privacy-policy\/\">Integritetspolicy<\/a>\r\n                <a href=\"https:\/\/futureskillnest.com\/sv\/terms-of-service\/\">Anv\u00e4ndarvillkor<\/a>\r\n                <a href=\"https:\/\/futureskillnest.com\/sv\/cookie-preferences\/\">Cookie-inst\u00e4llningar<\/a>\r\n            <\/div>\r\n        <\/div>\r\n\r\n        <div class=\"footer-right\">\r\n            <div class=\"payment-icons\">\r\n                <img decoding=\"async\" src=\"https:\/\/img.icons8.com\/color\/48\/mastercard.png\" alt=\"Mastercard\">\r\n                <img decoding=\"async\" src=\"https:\/\/img.icons8.com\/color\/48\/visa.png\" alt=\"Visa\">\r\n                <img decoding=\"async\" src=\"https:\/\/img.icons8.com\/color\/48\/amex.png\" alt=\"Amex\">\r\n                <img decoding=\"async\" src=\"https:\/\/img.icons8.com\/color\/48\/discover.png\" alt=\"Discover\">\r\n                <img decoding=\"async\" src=\"https:\/\/img.icons8.com\/color\/48\/google-pay.png\" alt=\"Google Pay\">\r\n                <img decoding=\"async\" src=\"https:\/\/img.icons8.com\/color\/48\/apple-pay.png\" alt=\"Apple Pay\">\r\n            <\/div>\r\n        <\/div>\r\n    <\/div>\r\n<\/footer>\r\n\r\n<style>\r\n    .nord-footer-wrapper {\r\n        background-color: #0b0e11;\r\n        padding: 30px 0; \/* \u589e\u52a0\u4e0a\u4e0b\u7559\u767d\u66f4\u663e\u9ad8\u7ea7 *\/\r\n        width: 100%;\r\n        color: #ffffff;\r\n        font-family: -apple-system, BlinkMacSystemFont, \"Segoe UI\", Roboto, sans-serif;\r\n        box-sizing: border-box;\r\n    }\r\n\r\n    .nord-footer-content {\r\n        max-width: 1200px;\r\n        margin: 0 auto;\r\n        padding: 0 20px;\r\n        display: flex;\r\n        justify-content: space-between;\r\n        align-items: center;\r\n        flex-wrap: wrap;\r\n        gap: 25px;\r\n    }\r\n\r\n    .footer-left {\r\n        display: flex;\r\n        align-items: center;\r\n        gap: 30px;\r\n    }\r\n\r\n    .copyright {\r\n        font-size: 13px;\r\n        opacity: 0.7; \/* \u7a0d\u5fae\u964d\u6697\u7248\u6743\u4fe1\u606f\uff0c\u7a81\u51fa\u94fe\u63a5 *\/\r\n    }\r\n\r\n    .footer-links {\r\n        display: flex;\r\n        gap: 20px;\r\n    }\r\n\r\n    .footer-links a {\r\n        color: #ffffff;\r\n        text-decoration: none;\r\n        font-size: 13px;\r\n        opacity: 0.8;\r\n        transition: opacity 0.2s;\r\n    }\r\n\r\n    .footer-links a:hover {\r\n        opacity: 1;\r\n        text-decoration: underline;\r\n    }\r\n\r\n    .payment-icons {\r\n        display: flex;\r\n        gap: 12px;\r\n        align-items: center;\r\n        flex-wrap: wrap; \/* \u5173\u952e\uff1a\u9632\u6b62\u5c0f\u5c4f\u6ea2\u51fa *\/\r\n    }\r\n\r\n    .payment-icons img {\r\n        height: 22px; \/* \u7a0d\u5fae\u7f29\u5c0f\u4e00\u70b9\u66f4\u7cbe\u81f4 *\/\r\n        width: auto;\r\n        filter: grayscale(100%);\r\n        opacity: 0.5;\r\n        transition: all 0.3s ease;\r\n    }\r\n\r\n    .payment-icons img:hover {\r\n        filter: grayscale(0%);\r\n        opacity: 1;\r\n    }\r\n\r\n    \/* --- \u79fb\u52a8\u7aef\u6df1\u5ea6\u9002\u914d --- *\/\r\n    @media (max-width: 768px) {\r\n        .nord-footer-wrapper {\r\n            padding: 40px 0; \/* \u624b\u673a\u7aef\u589e\u52a0\u7eb5\u5411\u547c\u5438\u611f *\/\r\n        }\r\n\r\n        .nord-footer-content {\r\n            flex-direction: column;\r\n            text-align: center;\r\n            gap: 30px;\r\n        }\r\n\r\n        .footer-left {\r\n            flex-direction: column;\r\n            gap: 20px;\r\n        }\r\n\r\n        .footer-links {\r\n            flex-direction: column; \/* \u624b\u673a\u7aef\u94fe\u63a5\u7ad6\u6392\u66f4\u597d\u70b9 *\/\r\n            gap: 15px;\r\n        }\r\n\r\n        .footer-links a {\r\n            font-size: 14px; \/* \u624b\u673a\u7aef\u5b57\u53f7\u5fae\u8c03\uff0c\u65b9\u4fbf\u624b\u6307\u70b9\u51fb *\/\r\n            padding: 5px 0;\r\n        }\r\n\r\n        .copyright {\r\n            order: 2; \/* \u7248\u6743\u4fe1\u606f\u5728\u624b\u673a\u7aef\u653e\u5230\u94fe\u63a5\u4e0b\u9762 *\/\r\n            font-size: 12px;\r\n        }\r\n\r\n        .footer-links {\r\n            order: 1;\r\n        }\r\n\r\n        .payment-icons {\r\n            justify-content: center;\r\n            gap: 15px;\r\n            max-width: 280px; \/* \u9650\u5236\u56fe\u6807\u533a\u57df\u5bbd\u5ea6\uff0c\u4f7f\u5176\u6574\u9f50\u6362\u884c *\/\r\n            margin: 0 auto;\r\n        }\r\n\r\n        .payment-icons img {\r\n            height: 24px; \/* \u624b\u673a\u7aef\u56fe\u6807\u7a0d\u5fae\u653e\u5927\uff0c\u65b9\u4fbf\u770b\u6e05 *\/\r\n            opacity: 0.8; \/* \u624b\u673a\u7aef\u9ed8\u8ba4\u4eae\u5ea6\u7a0d\u5fae\u63d0\u9ad8 *\/\r\n            filter: grayscale(0%); \/* \u624b\u673a\u7aef\u76f4\u63a5\u663e\u793a\u5f69\u8272\uff0c\u589e\u5f3a\u54c1\u724c\u611f *\/\r\n        }\r\n    }\r\n<\/style>\t\t\t\t<\/div>\n\t\t\t\t\t<\/div>\n\t\t\t\t<\/div>\n\t\t\t\t<\/div>","protected":false},"excerpt":{"rendered":"<p>Get VPN FutureSkillNest Privacy Policy At FutureSkillNest, your privacy is our primary mission. This Privacy Policy explains how we process and protect your personal information when you use our VPN services. By using our website and applications, you consent to the data practices described in this document. We believe in total transparency regarding your data, and we are committed to providing you with the highest level of security and anonymity while you browse the internet. Strict No Logs Policy and Data Handling We operate under a strict no-logs policy, which is the cornerstone of our commitment to your privacy. This means we do not collect, store, or log your browsing history, traffic destination, data content, or DNS queries. Furthermore, we never store your IP address, your outgoing VPN IP address, connection timestamps, or session duration. Because we do not collect this information, we cannot be compelled to provide it to any third party, government, or legal authority, ensuring your online activities remain entirely private and anonymous. Personal Information Collection and Usage To provide our services, we only collect the minimum amount of information necessary. This typically includes the email address you provide during account creation and your payment information required for processing subscriptions. This information is used solely for account management, communicating service updates, and processing transactions. We do not sell, rent, or trade your personal information to third parties for marketing purposes, and we implement strict internal controls to ensure that your account data is accessed only when necessary for technical support. Encryption Standards and Security Infrastructure We protect your data using military-grade encryption protocols to ensure that your information remains secure even on unsecured networks. All data transmitted through our servers is encrypted using AES-256-GCM, the industry standard for securing sensitive information. Our global server infrastructure in over 60 countries is designed with advanced security features to prevent data leaks and unauthorized access. We continuously monitor and update our systems to defend against emerging cyber threats and to maintain the integrity of our network. Cookies and Third Party Analytics Our website may use cookies to improve your user experience and to analyze how our site is used. These cookies are used for functional purposes, such as remembering your language preferences and managing your secure login session. We may use anonymized, aggregated analytics to monitor website performance and identify technical issues. These analytics do not contain any personally identifiable information and are not linked to your VPN activity. You can manage your cookie preferences at any time through your browser settings or our dedicated cookie settings tool. International Data Transfers and Legal Compliance As a global VPN provider, we operate servers and process data across multiple jurisdictions. We ensure that all data transfers comply with international privacy standards and regulations. In the event of a legal request for information, our response is limited by our technical architecture: since we do not log your activity or store your connection data, we have no identifiable information to provide regarding your usage of the VPN. We will always notify our users of any significant changes to this policy through our website or direct communication. \u00a9 2026 Futureskillnest. All rights reserved Privacy Policy Terms of Service Cookie Preferences<\/p>","protected":false},"author":1,"featured_media":0,"parent":0,"menu_order":0,"comment_status":"closed","ping_status":"closed","template":"elementor_canvas","meta":{"_seopress_robots_primary_cat":"","_seopress_titles_title":"","_seopress_titles_desc":"","_seopress_robots_index":"","footnotes":""},"class_list":["post-794","page","type-page","status-publish","hentry"],"acf":[],"_links":{"self":[{"href":"https:\/\/futureskillnest.com\/sv\/wp-json\/wp\/v2\/pages\/794","targetHints":{"allow":["GET"]}}],"collection":[{"href":"https:\/\/futureskillnest.com\/sv\/wp-json\/wp\/v2\/pages"}],"about":[{"href":"https:\/\/futureskillnest.com\/sv\/wp-json\/wp\/v2\/types\/page"}],"author":[{"embeddable":true,"href":"https:\/\/futureskillnest.com\/sv\/wp-json\/wp\/v2\/users\/1"}],"replies":[{"embeddable":true,"href":"https:\/\/futureskillnest.com\/sv\/wp-json\/wp\/v2\/comments?post=794"}],"version-history":[{"count":19,"href":"https:\/\/futureskillnest.com\/sv\/wp-json\/wp\/v2\/pages\/794\/revisions"}],"predecessor-version":[{"id":832,"href":"https:\/\/futureskillnest.com\/sv\/wp-json\/wp\/v2\/pages\/794\/revisions\/832"}],"wp:attachment":[{"href":"https:\/\/futureskillnest.com\/sv\/wp-json\/wp\/v2\/media?parent=794"}],"curies":[{"name":"wp","href":"https:\/\/api.w.org\/{rel}","templated":true}]}}