{"id":794,"date":"2026-03-25T11:33:17","date_gmt":"2026-03-25T03:33:17","guid":{"rendered":"https:\/\/futureskillnest.com\/?page_id=794"},"modified":"2026-03-25T12:03:58","modified_gmt":"2026-03-25T04:03:58","slug":"privacy-policy","status":"publish","type":"page","link":"https:\/\/futureskillnest.com\/tr\/privacy-policy\/","title":{"rendered":"Futureskillnest-privacy-policy"},"content":{"rendered":"<div data-elementor-type=\"wp-page\" data-elementor-id=\"794\" class=\"elementor elementor-794\" data-elementor-settings=\"{&quot;ha_cmc_init_switcher&quot;:&quot;no&quot;}\" data-elementor-post-type=\"page\">\n\t\t\t\t<div data-particle_enable=\"false\" data-particle-mobile-disabled=\"false\" class=\"elementor-element elementor-element-9de313f e-con-full e-flex wpr-particle-no wpr-jarallax-no wpr-parallax-no wpr-sticky-section-no e-con e-child\" data-id=\"9de313f\" data-element_type=\"container\" data-settings=\"{&quot;background_background&quot;:&quot;classic&quot;,&quot;sticky&quot;:&quot;top&quot;,&quot;sticky_offset&quot;:1,&quot;sticky_effects_offset&quot;:100,&quot;_ha_eqh_enable&quot;:false,&quot;sticky_on&quot;:[&quot;desktop&quot;,&quot;tablet&quot;,&quot;mobile&quot;],&quot;sticky_anchor_link_offset&quot;:0}\">\n\t\t<div data-particle_enable=\"false\" data-particle-mobile-disabled=\"false\" class=\"elementor-element elementor-element-c632998 e-con-full e-flex wpr-particle-no wpr-jarallax-no wpr-parallax-no wpr-sticky-section-no e-con e-child\" data-id=\"c632998\" data-element_type=\"container\" data-settings=\"{&quot;_ha_eqh_enable&quot;:false}\">\n\t\t\t\t<div class=\"elementor-element elementor-element-2bdeaa0 elementor-widget__width-initial elementor-widget elementor-widget-theme-site-logo elementor-widget-image\" data-id=\"2bdeaa0\" data-element_type=\"widget\" data-widget_type=\"theme-site-logo.default\">\n\t\t\t\t\t\t\t\t\t\t\t<a href=\"https:\/\/futureskillnest.com\/tr\">\n\t\t\t<img decoding=\"async\" width=\"313\" height=\"139\" src=\"https:\/\/futureskillnest.com\/wp-content\/uploads\/2026\/03\/cropped-cropped-\u5c4f\u5e55\u622a\u56fe_2026-03-18_141617-removebg-preview.png\" class=\"attachment-full size-full wp-image-84\" alt=\"logo\" srcset=\"https:\/\/futureskillnest.com\/wp-content\/uploads\/2026\/03\/cropped-cropped-\u5c4f\u5e55\u622a\u56fe_2026-03-18_141617-removebg-preview.png 313w, https:\/\/futureskillnest.com\/wp-content\/uploads\/2026\/03\/cropped-cropped-\u5c4f\u5e55\u622a\u56fe_2026-03-18_141617-removebg-preview-300x133.png 300w, https:\/\/futureskillnest.com\/wp-content\/uploads\/2026\/03\/cropped-cropped-\u5c4f\u5e55\u622a\u56fe_2026-03-18_141617-removebg-preview-18x8.png 18w\" sizes=\"(max-width: 313px) 100vw, 313px\" \/>\t\t\t\t<\/a>\n\t\t\t\t\t\t\t\t\t\t\t<\/div>\n\t\t\t\t<\/div>\n\t\t<div data-particle_enable=\"false\" data-particle-mobile-disabled=\"false\" class=\"elementor-element elementor-element-d8940ae e-con-full e-flex wpr-particle-no wpr-jarallax-no wpr-parallax-no wpr-sticky-section-no e-con e-child\" data-id=\"d8940ae\" data-element_type=\"container\" data-settings=\"{&quot;_ha_eqh_enable&quot;:false}\">\n\t\t<div data-particle_enable=\"false\" data-particle-mobile-disabled=\"false\" class=\"elementor-element elementor-element-2de65b0 e-con-full e-flex wpr-particle-no wpr-jarallax-no wpr-parallax-no wpr-sticky-section-no e-con e-child\" data-id=\"2de65b0\" data-element_type=\"container\" data-settings=\"{&quot;_ha_eqh_enable&quot;:false}\">\n\t\t\t\t<div class=\"elementor-element elementor-element-b01e704 elementor-align-center e-transform elementor-widget elementor-widget-button\" data-id=\"b01e704\" data-element_type=\"widget\" data-settings=\"{&quot;_transform_scale_effect_hover&quot;:{&quot;unit&quot;:&quot;px&quot;,&quot;size&quot;:1.05,&quot;sizes&quot;:[]},&quot;_transform_scale_effect_hover_tablet&quot;:{&quot;unit&quot;:&quot;px&quot;,&quot;size&quot;:&quot;&quot;,&quot;sizes&quot;:[]},&quot;_transform_scale_effect_hover_mobile&quot;:{&quot;unit&quot;:&quot;px&quot;,&quot;size&quot;:&quot;&quot;,&quot;sizes&quot;:[]}}\" data-widget_type=\"button.default\">\n\t\t\t\t\t\t\t\t\t\t<a class=\"elementor-button elementor-button-link elementor-size-sm\" href=\"https:\/\/futureskillnest.com\/tr\/buy\/\">\n\t\t\t\t\t\t<span class=\"elementor-button-content-wrapper\">\n\t\t\t\t\t\t\t\t\t<span class=\"elementor-button-text\">VPN Al<\/span>\n\t\t\t\t\t<\/span>\n\t\t\t\t\t<\/a>\n\t\t\t\t\t\t\t\t<\/div>\n\t\t\t\t<\/div>\n\t\t\t\t<\/div>\n\t\t\t\t<\/div>\n\t\t<div data-particle_enable=\"false\" data-particle-mobile-disabled=\"false\" class=\"elementor-element elementor-element-aa5adf0 e-flex e-con-boxed wpr-particle-no wpr-jarallax-no wpr-parallax-no wpr-sticky-section-no e-con e-parent\" data-id=\"aa5adf0\" data-element_type=\"container\" data-settings=\"{&quot;_ha_eqh_enable&quot;:false}\">\n\t\t\t\t\t<div class=\"e-con-inner\">\n\t\t\t\t<div class=\"elementor-element elementor-element-4e2c6f1 elementor-widget elementor-widget-text-editor\" data-id=\"4e2c6f1\" data-element_type=\"widget\" data-widget_type=\"text-editor.default\">\n\t\t\t\t\t\t\t\t\t<h1 data-path-to-node=\"2\">FutureSkillNest Gizlilik Politikas\u0131<\/h1><p data-path-to-node=\"3\">FutureSkillNest'te gizlili\u011finiz birincil misyonumuzdur. Bu Gizlilik Politikas\u0131, VPN hizmetlerimizi kulland\u0131\u011f\u0131n\u0131zda ki\u015fisel bilgilerinizi nas\u0131l i\u015fledi\u011fimizi ve korudu\u011fumuzu a\u00e7\u0131klamaktad\u0131r. Web sitemizi ve uygulamalar\u0131m\u0131z\u0131 kullanarak bu belgede a\u00e7\u0131klanan veri uygulamalar\u0131n\u0131 kabul etmi\u015f olursunuz. Verilerinizle ilgili tam \u015feffafl\u0131\u011fa inan\u0131yoruz ve internette gezinirken size en y\u00fcksek d\u00fczeyde g\u00fcvenlik ve anonimlik sa\u011flamay\u0131 taahh\u00fct ediyoruz.<\/p><h2 data-path-to-node=\"4\">Kesin Kay\u0131t Tutmama Politikas\u0131 ve Veri \u0130\u015fleme<\/h2><p data-path-to-node=\"5\">Gizlili\u011finize olan ba\u011fl\u0131l\u0131\u011f\u0131m\u0131z\u0131n temel ta\u015f\u0131 olan kat\u0131 bir kay\u0131t tutmama politikas\u0131 alt\u0131nda faaliyet g\u00f6steriyoruz. Bu, tarama ge\u00e7mi\u015finizi, trafik hedefinizi, veri i\u00e7eri\u011finizi veya DNS sorgular\u0131n\u0131z\u0131 toplamad\u0131\u011f\u0131m\u0131z, saklamad\u0131\u011f\u0131m\u0131z veya kaydetmedi\u011fimiz anlam\u0131na gelir. Ayr\u0131ca, IP adresinizi, giden VPN IP adresinizi, ba\u011flant\u0131 zaman damgalar\u0131n\u0131z\u0131 veya oturum s\u00fcrenizi asla saklamay\u0131z. Bu bilgileri toplamad\u0131\u011f\u0131m\u0131z i\u00e7in, herhangi bir \u00fc\u00e7\u00fcnc\u00fc tarafa, h\u00fck\u00fcmete veya yasal makama bu bilgileri sa\u011flamaya zorlanamay\u0131z; bu da \u00e7evrimi\u00e7i faaliyetlerinizin tamamen \u00f6zel ve anonim kalmas\u0131n\u0131 sa\u011flar.<\/p><h2 data-path-to-node=\"6\">Ki\u015fisel Bilgi Toplama ve Kullan\u0131m\u0131<\/h2><p data-path-to-node=\"7\">Hizmetlerimizi sa\u011flamak i\u00e7in yaln\u0131zca gerekli olan minimum miktarda bilgiyi topluyoruz. Bu bilgiler genellikle hesap olu\u015fturma s\u0131ras\u0131nda verdi\u011finiz e-posta adresini ve abonelik i\u015flemlerinin y\u00fcr\u00fct\u00fclmesi i\u00e7in gereken \u00f6deme bilgilerini i\u00e7erir. Bu bilgiler yaln\u0131zca hesap y\u00f6netimi, hizmet g\u00fcncellemelerinin iletilmesi ve i\u015flemlerin ger\u00e7ekle\u015ftirilmesi i\u00e7in kullan\u0131l\u0131r. Ki\u015fisel bilgilerinizi pazarlama amac\u0131yla \u00fc\u00e7\u00fcnc\u00fc taraflara satmay\u0131z, kiralamay\u0131z veya ticaretini yapmay\u0131z; ayr\u0131ca hesap verilerinize yaln\u0131zca teknik destek i\u00e7in gerekti\u011finde eri\u015filmesini sa\u011flamak amac\u0131yla s\u0131k\u0131 i\u00e7 kontroller uygular\u0131z.<\/p><h2 data-path-to-node=\"8\">\u015eifreleme Standartlar\u0131 ve G\u00fcvenlik Altyap\u0131s\u0131<\/h2><p data-path-to-node=\"9\">Bilgilerinizin g\u00fcvenli olmayan a\u011flarda bile g\u00fcvende kalmas\u0131n\u0131 sa\u011flamak i\u00e7in verilerinizi askeri d\u00fczeyde \u015fifreleme protokolleri kullanarak koruyoruz. Sunucular\u0131m\u0131z \u00fczerinden iletilen t\u00fcm veriler, hassas bilgilerin g\u00fcvenli\u011fini sa\u011flamak i\u00e7in end\u00fcstri standard\u0131 olan AES-256-GCM kullan\u0131larak \u015fifrelenir. 60'tan fazla \u00fclkedeki k\u00fcresel sunucu altyap\u0131m\u0131z, veri s\u0131z\u0131nt\u0131lar\u0131n\u0131 ve yetkisiz eri\u015fimi \u00f6nlemek i\u00e7in geli\u015fmi\u015f g\u00fcvenlik \u00f6zellikleriyle tasarlanm\u0131\u015ft\u0131r. Ortaya \u00e7\u0131kan siber tehditlere kar\u015f\u0131 savunma yapmak ve a\u011f\u0131m\u0131z\u0131n b\u00fct\u00fcnl\u00fc\u011f\u00fcn\u00fc korumak i\u00e7in sistemlerimizi s\u00fcrekli olarak izliyor ve g\u00fcncelliyoruz.<\/p><h2 data-path-to-node=\"10\">\u00c7erezler ve \u00dc\u00e7\u00fcnc\u00fc Taraf Analizleri<\/h2><p data-path-to-node=\"11\">Web sitemiz, kullan\u0131c\u0131 deneyiminizi geli\u015ftirmek ve sitemizin nas\u0131l kullan\u0131ld\u0131\u011f\u0131n\u0131 analiz etmek i\u00e7in \u00e7erezler kullanabilir. Bu \u00e7erezler, dil tercihlerinizi hat\u0131rlamak ve g\u00fcvenli giri\u015f oturumunuzu y\u00f6netmek gibi i\u015flevsel ama\u00e7lar i\u00e7in kullan\u0131l\u0131r. Web sitesi performans\u0131n\u0131 izlemek ve teknik sorunlar\u0131 belirlemek i\u00e7in anonimle\u015ftirilmi\u015f, toplu analitik verileri kullanabiliriz. Bu analizler ki\u015fisel olarak tan\u0131mlanabilir herhangi bir bilgi i\u00e7ermez ve VPN etkinli\u011finizle ba\u011flant\u0131l\u0131 de\u011fildir. \u00c7erez tercihlerinizi taray\u0131c\u0131 ayarlar\u0131n\u0131z veya \u00f6zel \u00e7erez ayarlar\u0131 arac\u0131m\u0131z arac\u0131l\u0131\u011f\u0131yla istedi\u011finiz zaman y\u00f6netebilirsiniz.<\/p><h2 data-path-to-node=\"12\">Uluslararas\u0131 Veri Transferleri ve Yasal Uyumluluk<\/h2><p data-path-to-node=\"13\">K\u00fcresel bir VPN sa\u011flay\u0131c\u0131s\u0131 olarak, birden fazla yarg\u0131 alan\u0131nda sunucular i\u015fletiyor ve verileri i\u015fliyoruz. T\u00fcm veri transferlerinin uluslararas\u0131 gizlilik standartlar\u0131na ve d\u00fczenlemelerine uygun olmas\u0131n\u0131 sa\u011fl\u0131yoruz. Bilgi i\u00e7in yasal bir talep gelmesi durumunda, yan\u0131t\u0131m\u0131z teknik mimarimizle s\u0131n\u0131rl\u0131d\u0131r: faaliyetlerinizi kaydetmedi\u011fimiz veya ba\u011flant\u0131 verilerinizi saklamad\u0131\u011f\u0131m\u0131z i\u00e7in, VPN kullan\u0131m\u0131n\u0131za ili\u015fkin sa\u011flayabilece\u011fimiz tan\u0131mlanabilir bir bilgimiz yoktur. Bu politikadaki her t\u00fcrl\u00fc \u00f6nemli de\u011fi\u015fikli\u011fi web sitemiz veya do\u011frudan ileti\u015fim yoluyla kullan\u0131c\u0131lar\u0131m\u0131za her zaman bildirece\u011fiz.<\/p>\t\t\t\t\t\t\t\t<\/div>\n\t\t\t\t\t<\/div>\n\t\t\t\t<\/div>\n\t\t<div data-particle_enable=\"false\" data-particle-mobile-disabled=\"false\" class=\"elementor-element elementor-element-9fa8c7b e-flex e-con-boxed wpr-particle-no wpr-jarallax-no wpr-parallax-no wpr-sticky-section-no e-con e-parent\" data-id=\"9fa8c7b\" data-element_type=\"container\" data-settings=\"{&quot;background_background&quot;:&quot;classic&quot;,&quot;_ha_eqh_enable&quot;:false}\">\n\t\t\t\t\t<div class=\"e-con-inner\">\n\t\t\t\t<div class=\"elementor-element elementor-element-50dde26 elementor-widget elementor-widget-html\" data-id=\"50dde26\" data-element_type=\"widget\" data-widget_type=\"html.default\">\n\t\t\t\t\t<footer class=\"nord-footer-wrapper\">\r\n    <div class=\"nord-footer-content\">\r\n        <div class=\"footer-left\">\r\n            <span class=\"copyright\">\u00a9 2026 Futureskillnest. All rights reserved<\/span>\r\n            <div class=\"footer-links\">\r\n                <a href=\"https:\/\/futureskillnest.com\/tr\/privacy-policy\/\">Gizlilik Politikas\u0131<\/a>\r\n                <a href=\"https:\/\/futureskillnest.com\/tr\/terms-of-service\/\">Hizmet \u015eartlar\u0131<\/a>\r\n                <a href=\"https:\/\/futureskillnest.com\/tr\/cookie-preferences\/\">\u00c7erez Tercihleri<\/a>\r\n            <\/div>\r\n        <\/div>\r\n\r\n        <div class=\"footer-right\">\r\n            <div class=\"payment-icons\">\r\n                <img decoding=\"async\" src=\"https:\/\/img.icons8.com\/color\/48\/mastercard.png\" alt=\"Mastercard\">\r\n                <img decoding=\"async\" src=\"https:\/\/img.icons8.com\/color\/48\/visa.png\" alt=\"Visa\">\r\n                <img decoding=\"async\" src=\"https:\/\/img.icons8.com\/color\/48\/amex.png\" alt=\"Amex\">\r\n                <img decoding=\"async\" src=\"https:\/\/img.icons8.com\/color\/48\/discover.png\" alt=\"Discover\">\r\n                <img decoding=\"async\" src=\"https:\/\/img.icons8.com\/color\/48\/google-pay.png\" alt=\"Google Pay\">\r\n                <img decoding=\"async\" src=\"https:\/\/img.icons8.com\/color\/48\/apple-pay.png\" alt=\"Apple Pay\">\r\n            <\/div>\r\n        <\/div>\r\n    <\/div>\r\n<\/footer>\r\n\r\n<style>\r\n    .nord-footer-wrapper {\r\n        background-color: #0b0e11;\r\n        padding: 30px 0; \/* \u589e\u52a0\u4e0a\u4e0b\u7559\u767d\u66f4\u663e\u9ad8\u7ea7 *\/\r\n        width: 100%;\r\n        color: #ffffff;\r\n        font-family: -apple-system, BlinkMacSystemFont, \"Segoe UI\", Roboto, sans-serif;\r\n        box-sizing: border-box;\r\n    }\r\n\r\n    .nord-footer-content {\r\n        max-width: 1200px;\r\n        margin: 0 auto;\r\n        padding: 0 20px;\r\n        display: flex;\r\n        justify-content: space-between;\r\n        align-items: center;\r\n        flex-wrap: wrap;\r\n        gap: 25px;\r\n    }\r\n\r\n    .footer-left {\r\n        display: flex;\r\n        align-items: center;\r\n        gap: 30px;\r\n    }\r\n\r\n    .copyright {\r\n        font-size: 13px;\r\n        opacity: 0.7; \/* \u7a0d\u5fae\u964d\u6697\u7248\u6743\u4fe1\u606f\uff0c\u7a81\u51fa\u94fe\u63a5 *\/\r\n    }\r\n\r\n    .footer-links {\r\n        display: flex;\r\n        gap: 20px;\r\n    }\r\n\r\n    .footer-links a {\r\n        color: #ffffff;\r\n        text-decoration: none;\r\n        font-size: 13px;\r\n        opacity: 0.8;\r\n        transition: opacity 0.2s;\r\n    }\r\n\r\n    .footer-links a:hover {\r\n        opacity: 1;\r\n        text-decoration: underline;\r\n    }\r\n\r\n    .payment-icons {\r\n        display: flex;\r\n        gap: 12px;\r\n        align-items: center;\r\n        flex-wrap: wrap; \/* \u5173\u952e\uff1a\u9632\u6b62\u5c0f\u5c4f\u6ea2\u51fa *\/\r\n    }\r\n\r\n    .payment-icons img {\r\n        height: 22px; \/* \u7a0d\u5fae\u7f29\u5c0f\u4e00\u70b9\u66f4\u7cbe\u81f4 *\/\r\n        width: auto;\r\n        filter: grayscale(100%);\r\n        opacity: 0.5;\r\n        transition: all 0.3s ease;\r\n    }\r\n\r\n    .payment-icons img:hover {\r\n        filter: grayscale(0%);\r\n        opacity: 1;\r\n    }\r\n\r\n    \/* --- \u79fb\u52a8\u7aef\u6df1\u5ea6\u9002\u914d --- *\/\r\n    @media (max-width: 768px) {\r\n        .nord-footer-wrapper {\r\n            padding: 40px 0; \/* \u624b\u673a\u7aef\u589e\u52a0\u7eb5\u5411\u547c\u5438\u611f *\/\r\n        }\r\n\r\n        .nord-footer-content {\r\n            flex-direction: column;\r\n            text-align: center;\r\n            gap: 30px;\r\n        }\r\n\r\n        .footer-left {\r\n            flex-direction: column;\r\n            gap: 20px;\r\n        }\r\n\r\n        .footer-links {\r\n            flex-direction: column; \/* \u624b\u673a\u7aef\u94fe\u63a5\u7ad6\u6392\u66f4\u597d\u70b9 *\/\r\n            gap: 15px;\r\n        }\r\n\r\n        .footer-links a {\r\n            font-size: 14px; \/* \u624b\u673a\u7aef\u5b57\u53f7\u5fae\u8c03\uff0c\u65b9\u4fbf\u624b\u6307\u70b9\u51fb *\/\r\n            padding: 5px 0;\r\n        }\r\n\r\n        .copyright {\r\n            order: 2; \/* \u7248\u6743\u4fe1\u606f\u5728\u624b\u673a\u7aef\u653e\u5230\u94fe\u63a5\u4e0b\u9762 *\/\r\n            font-size: 12px;\r\n        }\r\n\r\n        .footer-links {\r\n            order: 1;\r\n        }\r\n\r\n        .payment-icons {\r\n            justify-content: center;\r\n            gap: 15px;\r\n            max-width: 280px; \/* \u9650\u5236\u56fe\u6807\u533a\u57df\u5bbd\u5ea6\uff0c\u4f7f\u5176\u6574\u9f50\u6362\u884c *\/\r\n            margin: 0 auto;\r\n        }\r\n\r\n        .payment-icons img {\r\n            height: 24px; \/* \u624b\u673a\u7aef\u56fe\u6807\u7a0d\u5fae\u653e\u5927\uff0c\u65b9\u4fbf\u770b\u6e05 *\/\r\n            opacity: 0.8; \/* \u624b\u673a\u7aef\u9ed8\u8ba4\u4eae\u5ea6\u7a0d\u5fae\u63d0\u9ad8 *\/\r\n            filter: grayscale(0%); \/* \u624b\u673a\u7aef\u76f4\u63a5\u663e\u793a\u5f69\u8272\uff0c\u589e\u5f3a\u54c1\u724c\u611f *\/\r\n        }\r\n    }\r\n<\/style>\t\t\t\t<\/div>\n\t\t\t\t\t<\/div>\n\t\t\t\t<\/div>\n\t\t\t\t<\/div>","protected":false},"excerpt":{"rendered":"<p>Get VPN FutureSkillNest Privacy Policy At FutureSkillNest, your privacy is our primary mission. This Privacy Policy explains how we process and protect your personal information when you use our VPN services. By using our website and applications, you consent to the data practices described in this document. We believe in total transparency regarding your data, and we are committed to providing you with the highest level of security and anonymity while you browse the internet. Strict No Logs Policy and Data Handling We operate under a strict no-logs policy, which is the cornerstone of our commitment to your privacy. This means we do not collect, store, or log your browsing history, traffic destination, data content, or DNS queries. Furthermore, we never store your IP address, your outgoing VPN IP address, connection timestamps, or session duration. Because we do not collect this information, we cannot be compelled to provide it to any third party, government, or legal authority, ensuring your online activities remain entirely private and anonymous. Personal Information Collection and Usage To provide our services, we only collect the minimum amount of information necessary. This typically includes the email address you provide during account creation and your payment information required for processing subscriptions. This information is used solely for account management, communicating service updates, and processing transactions. We do not sell, rent, or trade your personal information to third parties for marketing purposes, and we implement strict internal controls to ensure that your account data is accessed only when necessary for technical support. Encryption Standards and Security Infrastructure We protect your data using military-grade encryption protocols to ensure that your information remains secure even on unsecured networks. All data transmitted through our servers is encrypted using AES-256-GCM, the industry standard for securing sensitive information. Our global server infrastructure in over 60 countries is designed with advanced security features to prevent data leaks and unauthorized access. We continuously monitor and update our systems to defend against emerging cyber threats and to maintain the integrity of our network. Cookies and Third Party Analytics Our website may use cookies to improve your user experience and to analyze how our site is used. These cookies are used for functional purposes, such as remembering your language preferences and managing your secure login session. We may use anonymized, aggregated analytics to monitor website performance and identify technical issues. These analytics do not contain any personally identifiable information and are not linked to your VPN activity. You can manage your cookie preferences at any time through your browser settings or our dedicated cookie settings tool. International Data Transfers and Legal Compliance As a global VPN provider, we operate servers and process data across multiple jurisdictions. We ensure that all data transfers comply with international privacy standards and regulations. In the event of a legal request for information, our response is limited by our technical architecture: since we do not log your activity or store your connection data, we have no identifiable information to provide regarding your usage of the VPN. We will always notify our users of any significant changes to this policy through our website or direct communication. \u00a9 2026 Futureskillnest. All rights reserved Privacy Policy Terms of Service Cookie Preferences<\/p>","protected":false},"author":1,"featured_media":0,"parent":0,"menu_order":0,"comment_status":"closed","ping_status":"closed","template":"elementor_canvas","meta":{"_seopress_robots_primary_cat":"","_seopress_titles_title":"","_seopress_titles_desc":"","_seopress_robots_index":"","footnotes":""},"class_list":["post-794","page","type-page","status-publish","hentry"],"acf":[],"_links":{"self":[{"href":"https:\/\/futureskillnest.com\/tr\/wp-json\/wp\/v2\/pages\/794","targetHints":{"allow":["GET"]}}],"collection":[{"href":"https:\/\/futureskillnest.com\/tr\/wp-json\/wp\/v2\/pages"}],"about":[{"href":"https:\/\/futureskillnest.com\/tr\/wp-json\/wp\/v2\/types\/page"}],"author":[{"embeddable":true,"href":"https:\/\/futureskillnest.com\/tr\/wp-json\/wp\/v2\/users\/1"}],"replies":[{"embeddable":true,"href":"https:\/\/futureskillnest.com\/tr\/wp-json\/wp\/v2\/comments?post=794"}],"version-history":[{"count":19,"href":"https:\/\/futureskillnest.com\/tr\/wp-json\/wp\/v2\/pages\/794\/revisions"}],"predecessor-version":[{"id":832,"href":"https:\/\/futureskillnest.com\/tr\/wp-json\/wp\/v2\/pages\/794\/revisions\/832"}],"wp:attachment":[{"href":"https:\/\/futureskillnest.com\/tr\/wp-json\/wp\/v2\/media?parent=794"}],"curies":[{"name":"wp","href":"https:\/\/api.w.org\/{rel}","templated":true}]}}